{"id":82,"date":"2023-02-09T16:27:04","date_gmt":"2023-02-09T16:27:04","guid":{"rendered":"https:\/\/www.joconda.org\/fr\/?page_id=82"},"modified":"2023-02-24T08:59:20","modified_gmt":"2023-02-24T08:59:20","slug":"contact","status":"publish","type":"page","link":"https:\/\/www.joconda.org\/fr\/contact\/","title":{"rendered":"Contact"},"content":{"rendered":"\n<p>Chez Joconda.org, nous nous engageons \u00e0 servir et \u00e0 autonomiser les femmes. Nous appr\u00e9cions vos commentaires et sommes l\u00e0 pour vous aider avec toutes les questions ou pr\u00e9occupations que vous pourriez avoir.<\/p>\n\n\n\n<p>Si vous avez besoin d&rsquo;aide ou si vous avez des questions concernant notre site ou son contenu, n&rsquo;h\u00e9sitez pas \u00e0 nous contacter en utilisant les informations ci-dessous.<\/p>\n","protected":false},"excerpt":{"rendered":"<p>Chez Joconda.org, nous nous engageons \u00e0 servir et \u00e0 autonomiser les femmes. Nous appr\u00e9cions vos commentaires et sommes l\u00e0 pour vous aider avec toutes les questions ou pr\u00e9occupations que vous pourriez avoir. Si vous avez besoin d&rsquo;aide ou si vous avez des questions concernant notre site ou son contenu, n&rsquo;h\u00e9sitez pas \u00e0 nous contacter en &#8230; <a title=\"Contact\" class=\"read-more\" href=\"https:\/\/www.joconda.org\/fr\/contact\/\">Read more<span class=\"screen-reader-text\">Contact<\/span><\/a><\/p>\n","protected":false},"author":1,"featured_media":0,"parent":0,"menu_order":0,"comment_status":"closed","ping_status":"closed","template":"","meta":[],"_links":{"self":[{"href":"https:\/\/www.joconda.org\/fr\/wp-json\/wp\/v2\/pages\/82"}],"collection":[{"href":"https:\/\/www.joconda.org\/fr\/wp-json\/wp\/v2\/pages"}],"about":[{"href":"https:\/\/www.joconda.org\/fr\/wp-json\/wp\/v2\/types\/page"}],"author":[{"embeddable":true,"href":"https:\/\/www.joconda.org\/fr\/wp-json\/wp\/v2\/users\/1"}],"replies":[{"embeddable":true,"href":"https:\/\/www.joconda.org\/fr\/wp-json\/wp\/v2\/comments?post=82"}],"version-history":[{"count":1,"href":"https:\/\/www.joconda.org\/fr\/wp-json\/wp\/v2\/pages\/82\/revisions"}],"predecessor-version":[{"id":83,"href":"https:\/\/www.joconda.org\/fr\/wp-json\/wp\/v2\/pages\/82\/revisions\/83"}],"wp:attachment":[{"href":"https:\/\/www.joconda.org\/fr\/wp-json\/wp\/v2\/media?parent=82"}],"curies":[{"name":"wp","href":"https:\/\/api.w.org\/{rel}","templated":true}]}}