{"id":80,"date":"2023-02-09T16:26:16","date_gmt":"2023-02-09T16:26:16","guid":{"rendered":"https:\/\/www.joconda.org\/fr\/?page_id=80"},"modified":"2023-02-24T10:01:59","modified_gmt":"2023-02-24T10:01:59","slug":"politique-de-confidentialite","status":"publish","type":"page","link":"https:\/\/www.joconda.org\/fr\/politique-de-confidentialite\/","title":{"rendered":"Politique de confidentialit\u00e9"},"content":{"rendered":"\n<p>Chez www.Joconda.org, nous prenons au s\u00e9rieux la vie priv\u00e9e de nos utilisateurs et nous nous engageons \u00e0 prot\u00e9ger leurs informations personnelles. Cette politique de confidentialit\u00e9 explique comment nous collectons, utilisons, divulguons et prot\u00e9geons vos informations personnelles lorsque vous acc\u00e9dez \u00e0 notre site Web, \u00e0 notre application mobile ou \u00e0 tout autre service propos\u00e9 par [Nom de l&rsquo;entreprise].<\/p>\n\n\n\n<p><strong>Collecte et utilisation des informations<\/strong><\/p>\n\n\n\n<p>Nous pouvons collecter des informations personnelles, telles que votre nom, votre adresse e-mail, lorsque vous nous contactez pour une question ou une pr\u00e9occupation.<\/p>\n\n\n\n<p>Nous pouvons \u00e9galement collecter des informations sur votre emplacement, le type d&rsquo;appareil, le syst\u00e8me d&rsquo;exploitation et l&rsquo;adresse IP pour vous offrir une meilleure exp\u00e9rience utilisateur et am\u00e9liorer nos services. Ces informations peuvent \u00eatre collect\u00e9es via l&rsquo;utilisation de cookies, de balises Web et d&rsquo;autres technologies de suivi.<\/p>\n\n\n\n<p><strong>Partage et divulgation d&rsquo;informations<\/strong><\/p>\n\n\n\n<p>Vos informations personnelles ne seront pas vendues, lou\u00e9es ou divulgu\u00e9es \u00e0 des tiers \u00e0 des fins de marketing sans votre consentement. Nous pouvons partager vos informations personnelles avec des prestataires de services, des sous-traitants ou d&rsquo;autres tiers qui fournissent des services en notre nom.<\/p>\n\n\n\n<p>Nous pouvons \u00e9galement divulguer vos informations personnelles comme l&rsquo;exige la loi, par exemple pour nous conformer \u00e0 une citation \u00e0 compara\u00eetre ou \u00e0 une proc\u00e9dure judiciaire similaire, ou lorsque nous croyons de bonne foi que la divulgation est n\u00e9cessaire pour prot\u00e9ger nos droits, prot\u00e9ger votre s\u00e9curit\u00e9 ou celle d&rsquo;autrui, enqu\u00eater fraude ou r\u00e9pondre \u00e0 une demande du gouvernement.<\/p>\n\n\n\n<p><strong>Google Analytics<\/strong><\/p>\n\n\n\n<p>Ce site Web utilise Google Analytics, un service d&rsquo;analyse Web fourni par Google, Inc. (Google). Google Analytics est un logiciel qui r\u00e9cup\u00e8re des donn\u00e9es sur les visiteurs de Joconda. C&rsquo;est quelque chose comme un journal de serveur avanc\u00e9.<br>Google Analytics enregistre le site Web d&rsquo;o\u00f9 vous venez pour arriver ici, la dur\u00e9e de votre s\u00e9jour, le type d&rsquo;ordinateur que vous utilisez et bien plus encore.<br>Les informations de suivi nous permettent de mieux comprendre le type de personnes qui visitent le site Joconda et le contenu qu&rsquo;elles recherchent. Cela permet \u00e0 Joconda.org de prendre de meilleures d\u00e9cisions sur le contenu \u00e0 cr\u00e9er pour les utilisateurs.<br>Occasionnellement, nous compilerons des statistiques globales sur le nombre de visiteurs que le site Joconda re\u00e7oit et les navigateurs utilis\u00e9s. Aucune donn\u00e9e d&rsquo;identification personnelle n&rsquo;est incluse dans ce type de rapport.<br>Toutes les activit\u00e9s de Joconda s&rsquo;inscrivent dans les limites des conditions d&rsquo;utilisation de Google Analytics http:\/\/www.google.com\/analytics\/tos.html.<br>Vous pouvez d\u00e9sactiver le cookie de suivi publicitaire de Google http:\/\/www.google.com\/privacy_ads.html ou utiliser un plug-in de navigateur pour d\u00e9sactiver tous les logiciels de suivi Google Analytics http:\/\/tools.google.com\/dlpage\/gaoptout? hl=fr.<\/p>\n","protected":false},"excerpt":{"rendered":"<p>Chez www.Joconda.org, nous prenons au s\u00e9rieux la vie priv\u00e9e de nos utilisateurs et nous nous engageons \u00e0 prot\u00e9ger leurs informations personnelles. Cette politique de confidentialit\u00e9 explique comment nous collectons, utilisons, divulguons et prot\u00e9geons vos informations personnelles lorsque vous acc\u00e9dez \u00e0 notre site Web, \u00e0 notre application mobile ou \u00e0 tout autre service propos\u00e9 par [Nom &#8230; <a title=\"Politique de confidentialit\u00e9\" class=\"read-more\" href=\"https:\/\/www.joconda.org\/fr\/politique-de-confidentialite\/\">Read more<span class=\"screen-reader-text\">Politique de confidentialit\u00e9<\/span><\/a><\/p>\n","protected":false},"author":1,"featured_media":0,"parent":0,"menu_order":0,"comment_status":"closed","ping_status":"closed","template":"","meta":[],"_links":{"self":[{"href":"https:\/\/www.joconda.org\/fr\/wp-json\/wp\/v2\/pages\/80"}],"collection":[{"href":"https:\/\/www.joconda.org\/fr\/wp-json\/wp\/v2\/pages"}],"about":[{"href":"https:\/\/www.joconda.org\/fr\/wp-json\/wp\/v2\/types\/page"}],"author":[{"embeddable":true,"href":"https:\/\/www.joconda.org\/fr\/wp-json\/wp\/v2\/users\/1"}],"replies":[{"embeddable":true,"href":"https:\/\/www.joconda.org\/fr\/wp-json\/wp\/v2\/comments?post=80"}],"version-history":[{"count":1,"href":"https:\/\/www.joconda.org\/fr\/wp-json\/wp\/v2\/pages\/80\/revisions"}],"predecessor-version":[{"id":81,"href":"https:\/\/www.joconda.org\/fr\/wp-json\/wp\/v2\/pages\/80\/revisions\/81"}],"wp:attachment":[{"href":"https:\/\/www.joconda.org\/fr\/wp-json\/wp\/v2\/media?parent=80"}],"curies":[{"name":"wp","href":"https:\/\/api.w.org\/{rel}","templated":true}]}}