{"id":78,"date":"2023-02-09T16:25:14","date_gmt":"2023-02-09T16:25:14","guid":{"rendered":"https:\/\/www.joconda.org\/fr\/?page_id=78"},"modified":"2023-02-24T08:44:15","modified_gmt":"2023-02-24T08:44:15","slug":"a-propos","status":"publish","type":"page","link":"https:\/\/www.joconda.org\/fr\/a-propos\/","title":{"rendered":"\u00c0 propos"},"content":{"rendered":"\n<p>Bienvenue sur Joconda.org, la destination ultime pour les femmes en qu\u00eate d&rsquo;amour et de romance. Notre mission est de fournir aux femmes les connaissances et les outils dont elles ont besoin pour naviguer dans le monde des rencontres avec confiance et succ\u00e8s.<\/p>\n\n\n\n<p>Chez Joconda.org, nous pensons que trouver l&rsquo;amour et construire des relations significatives est une partie importante d&rsquo;une vie \u00e9panouie, et nous nous engageons \u00e0 aider les femmes \u00e0 atteindre leurs objectifs relationnels. Notre \u00e9quipe d&rsquo;experts fournit des conseils perspicaces et pratiques sur tous les aspects des rencontres et des relations, y compris les rencontres en ligne, la communication et l&rsquo;\u00e9tablissement de relations.<\/p>\n\n\n\n<p>Que vous soyez nouveau dans le domaine des rencontres, que vous reveniez sur la sc\u00e8ne des rencontres apr\u00e8s une rupture ou que vous recherchiez simplement des moyens d&rsquo;am\u00e9liorer votre relation actuelle, Joconda.org a tout ce dont vous avez besoin pour r\u00e9ussir. Nos articles, vid\u00e9os et podcasts couvrent un large \u00e9ventail de sujets, des conseils pour un premier rendez-vous \u00e0 la s\u00e9curit\u00e9 des rencontres en ligne, en passant par la mani\u00e8re d&rsquo;\u00e9tablir la confiance et l&rsquo;intimit\u00e9 dans une relation.<\/p>\n\n\n\n<p>Nous comprenons que le parcours de rencontres de chacun est unique et nous nous effor\u00e7ons de cr\u00e9er une communaut\u00e9 solidaire et inclusive o\u00f9 les femmes peuvent se connecter, partager leurs exp\u00e9riences et trouver les conseils et les orientations dont elles ont besoin. Notre contenu est \u00e9crit avec une perspective f\u00e9minine et est con\u00e7u pour permettre aux femmes de prendre le contr\u00f4le de leur vie amoureuse et de trouver le bonheur et l&rsquo;\u00e9panouissement qu&rsquo;elles m\u00e9ritent.<\/p>\n\n\n\n<p>Donc, que vous recherchiez l&rsquo;amour, que vous recherchiez des conseils sur la fa\u00e7on d&rsquo;am\u00e9liorer votre relation actuelle ou que vous recherchiez simplement de l&rsquo;inspiration et de la motivation, Joconda.org a ce qu&rsquo;il vous faut. Rejoignez-nous aujourd&rsquo;hui et commencez votre voyage pour trouver l&rsquo;amour et le bonheur.<\/p>\n\n\n\n<p>Merci d&rsquo;avoir choisi Joconda.org. Nous sommes impatients de vous soutenir dans votre voyage pour trouver l&rsquo;amour et la romance.<\/p>\n","protected":false},"excerpt":{"rendered":"<p>Bienvenue sur Joconda.org, la destination ultime pour les femmes en qu\u00eate d&rsquo;amour et de romance. Notre mission est de fournir aux femmes les connaissances et les outils dont elles ont besoin pour naviguer dans le monde des rencontres avec confiance et succ\u00e8s. Chez Joconda.org, nous pensons que trouver l&rsquo;amour et construire des relations significatives est &#8230; <a title=\"\u00c0 propos\" class=\"read-more\" href=\"https:\/\/www.joconda.org\/fr\/a-propos\/\">Read more<span class=\"screen-reader-text\">\u00c0 propos<\/span><\/a><\/p>\n","protected":false},"author":1,"featured_media":0,"parent":0,"menu_order":0,"comment_status":"closed","ping_status":"closed","template":"","meta":[],"_links":{"self":[{"href":"https:\/\/www.joconda.org\/fr\/wp-json\/wp\/v2\/pages\/78"}],"collection":[{"href":"https:\/\/www.joconda.org\/fr\/wp-json\/wp\/v2\/pages"}],"about":[{"href":"https:\/\/www.joconda.org\/fr\/wp-json\/wp\/v2\/types\/page"}],"author":[{"embeddable":true,"href":"https:\/\/www.joconda.org\/fr\/wp-json\/wp\/v2\/users\/1"}],"replies":[{"embeddable":true,"href":"https:\/\/www.joconda.org\/fr\/wp-json\/wp\/v2\/comments?post=78"}],"version-history":[{"count":1,"href":"https:\/\/www.joconda.org\/fr\/wp-json\/wp\/v2\/pages\/78\/revisions"}],"predecessor-version":[{"id":79,"href":"https:\/\/www.joconda.org\/fr\/wp-json\/wp\/v2\/pages\/78\/revisions\/79"}],"wp:attachment":[{"href":"https:\/\/www.joconda.org\/fr\/wp-json\/wp\/v2\/media?parent=78"}],"curies":[{"name":"wp","href":"https:\/\/api.w.org\/{rel}","templated":true}]}}