{"id":56,"date":"2023-02-09T16:21:02","date_gmt":"2023-02-09T16:21:02","guid":{"rendered":"https:\/\/www.joconda.org\/fr\/?page_id=56"},"modified":"2023-02-24T08:58:34","modified_gmt":"2023-02-24T08:58:34","slug":"conseils-de-premier-rendez-vous-pour-les-femmes","status":"publish","type":"page","link":"https:\/\/www.joconda.org\/fr\/conseils-de-premier-rendez-vous-pour-les-femmes\/","title":{"rendered":"Conseils de premier rendez-vous pour les femmes"},"content":{"rendered":"\n<p><strong>Est-ce que c&rsquo;est bien d&rsquo;inviter un gars \u00e0 sortir ?<\/strong><\/p>\n\n\n\n<p>Oui, il est parfaitement acceptable pour une femme d&rsquo;inviter un homme \u00e0 sortir. Dans la soci\u00e9t\u00e9 moderne, les r\u00f4les et les attentes traditionnels li\u00e9s au genre sont devenus moins rigides, et il devient de plus en plus courant que les femmes prennent l&rsquo;initiative de demander \u00e0 quelqu&rsquo;un de sortir.<\/p>\n\n\n\n<p>Demander \u00e0 quelqu&rsquo;un de sortir avec vous peut montrer de la confiance et de l&rsquo;assurance, et peut d\u00e9montrer votre int\u00e9r\u00eat pour la personne. Cela vous donne \u00e9galement plus de contr\u00f4le sur la situation et vous permet de planifier une date que vous appr\u00e9cierez.<\/p>\n\n\n\n<p>Cependant, il est important de tenir compte des normes culturelles et des pr\u00e9f\u00e9rences personnelles de la personne \u00e0 qui vous demandez. Certaines personnes peuvent toujours pr\u00e9f\u00e9rer que l&rsquo;homme initie le rendez-vous, tandis que d&rsquo;autres peuvent \u00eatre ouvertes \u00e0 l&rsquo;une ou l&rsquo;autre des personnes qui font le premier pas.<\/p>\n\n\n\n<p>En fin de compte, la d\u00e9cision de demander \u00e0 quelqu&rsquo;un de sortir doit \u00eatre bas\u00e9e sur ce qui vous semble confortable et naturel, et sur ce qui est conforme \u00e0 vos propres valeurs et croyances personnelles.<\/p>\n\n\n\n<p><strong>Que devrait porter une fille au premier rendez-vous?<\/strong><\/p>\n\n\n\n<p>La tenue que vous portez lors d&rsquo;un premier rendez-vous peut avoir un impact consid\u00e9rable sur votre confiance et votre impression g\u00e9n\u00e9rale. Voici quelques conseils \u00e0 prendre en compte lorsque vous d\u00e9cidez quoi porter :<\/p>\n\n\n\n<ol type=\"1\">\n<li>Tenez compte du lieu&nbsp;: pensez \u00e0 l&rsquo;endroit o\u00f9 vous allez le jour du rendez-vous et choisissez une tenue adapt\u00e9e \u00e0 l&rsquo;occasion. Par exemple, un restaurant chic appelle une tenue plus formelle, tandis qu&rsquo;un pique-nique dans le parc peut \u00eatre plus d\u00e9contract\u00e9.<\/li>\n\n\n\n<li>Habillez-vous confortablement : Il est important de vous sentir \u00e0 l&rsquo;aise dans votre tenue, alors choisissez quelque chose dans lequel vous pouvez bouger et respirer. Vous ne voulez pas constamment vous ajuster ou vous sentir g\u00ean\u00e9 par ce que vous portez.<\/li>\n\n\n\n<li>Montrez votre personnalit\u00e9 : Votre tenue peut donner \u00e0 votre rendez-vous un aper\u00e7u de votre style personnel et de vos centres d&rsquo;int\u00e9r\u00eat. Choisissez des pi\u00e8ces qui refl\u00e8tent qui vous \u00eates et vous permettent de vous sentir en confiance et \u00e0 l&rsquo;aise.<\/li>\n\n\n\n<li>Restez simple : \u00e9vitez tout ce qui est trop flashy ou exag\u00e9r\u00e9. Tenez-vous en aux pi\u00e8ces classiques et intemporelles et aux couleurs neutres, et r\u00e9duisez au minimum les bijoux et accessoires.<\/li>\n\n\n\n<li>Tenez compte de la m\u00e9t\u00e9o&nbsp;: assurez-vous que vous \u00eates habill\u00e9 de mani\u00e8re appropri\u00e9e pour les conditions m\u00e9t\u00e9orologiques, afin que vous puissiez vous concentrer sur votre rendez-vous et non sur le fait d&rsquo;avoir trop chaud ou trop froid.<\/li>\n<\/ol>\n\n\n\n<p>N&rsquo;oubliez pas que le plus important est de vous sentir en confiance et \u00e0 l&rsquo;aise dans ce que vous portez. Choisissez une tenue dans laquelle vous vous sentez bien et vous rayonnerez de positivit\u00e9 et de confiance lors de votre rendez-vous.<\/p>\n\n\n\n<p><strong>Quels sont les sujets \u00e0 aborder lors d&rsquo;un premier rendez-vous pour les femmes&nbsp;?<\/strong><\/p>\n\n\n\n<ol type=\"1\">\n<li>Passe-temps et int\u00e9r\u00eats&nbsp;: posez des questions sur les choses qui passionnent votre partenaire et partagez vos propres int\u00e9r\u00eats.<\/li>\n\n\n\n<li>Carri\u00e8re et travail : Discutez de ce que vous faites dans la vie et posez des questions sur leur travail.<\/li>\n\n\n\n<li>Famille et amis : Renseignez-vous sur les ant\u00e9c\u00e9dents et la dynamique familiale de votre partenaire.<\/li>\n\n\n\n<li>Voyage : Renseignez-vous sur les endroits qu&rsquo;ils ont visit\u00e9s ou qu&rsquo;ils aimeraient visiter.<\/li>\n\n\n\n<li>Objectifs et aspirations : Discutez de vos projets futurs et de ce que vous esp\u00e9rez accomplir.<\/li>\n\n\n\n<li>Style de vie : Renseignez-vous sur les activit\u00e9s pr\u00e9f\u00e9r\u00e9es de votre rendez-vous pendant son temps libre, comme lire, regarder des films ou faire du sport.<\/li>\n\n\n\n<li>Humour : Partagez des histoires dr\u00f4les ou des blagues pour d\u00e9tendre l&rsquo;ambiance et vous faire rire.<\/li>\n\n\n\n<li>Exp\u00e9riences partag\u00e9es : D\u00e9couvrez si vous avez des exp\u00e9riences communes ou des amis communs.<\/li>\n\n\n\n<li>Valeurs et croyances : Discutez de vos croyances et valeurs pour voir si elles correspondent \u00e0 celles de votre rendez-vous.<\/li>\n<\/ol>\n\n\n\n<p>Il est important de garder la conversation l\u00e9g\u00e8re, engageante et respectueuse. \u00c9vitez les sujets controvers\u00e9s tels que la politique, la religion ou les relations pass\u00e9es, surtout lors d&rsquo;un premier rendez-vous.<\/p>\n\n\n\n<p><strong>Quelles questions une fille peut-elle poser lors d&rsquo;un premier rendez-vous ?<\/strong><\/p>\n\n\n\n<p>En tant que femme, vous pouvez utiliser le premier rendez-vous comme une opportunit\u00e9 pour mieux conna\u00eetre votre rendez-vous et voir s&rsquo;il y a un lien. Voici quelques questions que vous pouvez poser lors d&rsquo;un premier rendez-vous pour vous aider \u00e0 mieux comprendre votre rendez-vous&nbsp;:<\/p>\n\n\n\n<ol type=\"1\">\n<li>Qu&rsquo;est-ce qui t&rsquo;a amen\u00e9 dans cette ville\/village&nbsp;?<\/li>\n\n\n\n<li>Que fais-tu comme travail\/\u00e9tudes&nbsp;?<\/li>\n\n\n\n<li>Qu&rsquo;aimez-vous faire pendant votre temps libre ?<\/li>\n\n\n\n<li>Quel genre de musique, de films ou de livres aimes-tu&nbsp;?<\/li>\n\n\n\n<li>Quels sont tes futurs objectifs et aspirations ?<\/li>\n\n\n\n<li>Avez-vous voyag\u00e9 dans des endroits int\u00e9ressants r\u00e9cemment&nbsp;?<\/li>\n\n\n\n<li>Comment est ta famille ?<\/li>\n\n\n\n<li>Quel est votre type de nourriture pr\u00e9f\u00e9r\u00e9 ?<\/li>\n\n\n\n<li>Quels sont tes loisirs ?<\/li>\n\n\n\n<li>Qu&rsquo;est-ce qui est amusant \u00e0 propos de vous&nbsp;?<\/li>\n<\/ol>\n\n\n\n<p><strong>Puis-je embrasser un mec au premier rendez-vous?<\/strong><\/p>\n\n\n\n<p>S&#8217;embrasser ou non lors d&rsquo;un premier rendez-vous est une d\u00e9cision personnelle et d\u00e9pend de divers facteurs, tels que votre niveau de confort, la dynamique de la relation et l&rsquo;ambiance g\u00e9n\u00e9rale du rendez-vous.<\/p>\n\n\n\n<p>Certaines personnes pensent que s&#8217;embrasser au premier rendez-vous est trop direct et donne le mauvais ton \u00e0 la relation, tandis que d&rsquo;autres y voient une expression naturelle de l&rsquo;attirance.<\/p>\n\n\n\n<p>En fin de compte, la d\u00e9cision de s&#8217;embrasser lors d&rsquo;un premier rendez-vous devrait \u00eatre bas\u00e9e sur le consentement mutuel et le confort. Si vous sentez que le moment est venu, foncez ! Mais si vous ou votre rendez-vous n&rsquo;\u00eates pas pr\u00eats pour une intimit\u00e9 physique, il est pr\u00e9f\u00e9rable de respecter les limites de l&rsquo;autre et d&rsquo;attendre un moment plus appropri\u00e9.<\/p>\n","protected":false},"excerpt":{"rendered":"<p>Aller \u00e0 un premier rendez-vous peut \u00eatre \u00e9prouvant pour les nerfs, surtout si vous ne savez pas \u00e0 quoi vous attendre ou comment vous pr\u00e9parer. Joconda pense qu&rsquo;avec un peu de pr\u00e9paration et de confiance, n&rsquo;importe quelle femme peut avoir un premier rendez-vous r\u00e9ussi.<\/p>\n","protected":false},"author":1,"featured_media":189,"parent":0,"menu_order":0,"comment_status":"closed","ping_status":"closed","template":"","meta":[],"_links":{"self":[{"href":"https:\/\/www.joconda.org\/fr\/wp-json\/wp\/v2\/pages\/56"}],"collection":[{"href":"https:\/\/www.joconda.org\/fr\/wp-json\/wp\/v2\/pages"}],"about":[{"href":"https:\/\/www.joconda.org\/fr\/wp-json\/wp\/v2\/types\/page"}],"author":[{"embeddable":true,"href":"https:\/\/www.joconda.org\/fr\/wp-json\/wp\/v2\/users\/1"}],"replies":[{"embeddable":true,"href":"https:\/\/www.joconda.org\/fr\/wp-json\/wp\/v2\/comments?post=56"}],"version-history":[{"count":3,"href":"https:\/\/www.joconda.org\/fr\/wp-json\/wp\/v2\/pages\/56\/revisions"}],"predecessor-version":[{"id":188,"href":"https:\/\/www.joconda.org\/fr\/wp-json\/wp\/v2\/pages\/56\/revisions\/188"}],"wp:featuredmedia":[{"embeddable":true,"href":"https:\/\/www.joconda.org\/fr\/wp-json\/wp\/v2\/media\/189"}],"wp:attachment":[{"href":"https:\/\/www.joconda.org\/fr\/wp-json\/wp\/v2\/media?parent=56"}],"curies":[{"name":"wp","href":"https:\/\/api.w.org\/{rel}","templated":true}]}}