{"id":54,"date":"2023-02-09T16:15:00","date_gmt":"2023-02-09T16:15:00","guid":{"rendered":"https:\/\/www.joconda.org\/fr\/?page_id=54"},"modified":"2023-02-24T08:48:13","modified_gmt":"2023-02-24T08:48:13","slug":"bon-et-mauvais-bios-de-bumble-pour-les-femmes","status":"publish","type":"page","link":"https:\/\/www.joconda.org\/fr\/bon-et-mauvais-bios-de-bumble-pour-les-femmes\/","title":{"rendered":"Bon et mauvais bios de Bumble pour les femmes"},"content":{"rendered":"\n<p>Gardez votre bio courte et douce, avec pas plus de quelques phrases. Cela facilite la lecture des correspondances potentielles et les aide \u00e0 comprendre ce que vous \u00eates. Mentionnez des choses qui vous passionnent, comme des passe-temps, des int\u00e9r\u00eats ou des choses que vous aimez faire. Cela aide les correspondances potentielles \u00e0 se faire une id\u00e9e de qui vous \u00eates et de ce que vous aimez. Utilisez des emojis&nbsp;: les emojis peuvent vous aider \u00e0 transmettre votre ton et ajouter de la personnalit\u00e9 \u00e0 votre bio, alors n&rsquo;h\u00e9sitez pas \u00e0 les utiliser g\u00e9n\u00e9reusement. Faites juste attention \u00e0 ne pas en faire trop, car trop d&#8217;emojis peuvent \u00eatre \u00e9crasants.<\/p>\n\n\n\n<ol type=\"1\">\n<li>\u00ab\u00a0Juste une fille qui aime rire, explorer et manger \ud83e\udd23\ud83c\udf0d\ud83c\udf74\u00a0\u00bb<\/li>\n\n\n\n<li>\u00ab\u00a0Maman de chien, accro au caf\u00e9 et passionn\u00e9e de vin \ud83d\udc36\u2615\ufe0f\ud83c\udf77\u00a0\u00bb<\/li>\n\n\n\n<li>\u00a0\u00bb Rat de biblioth\u00e8que, voyageur et aventurier \ud83d\udcda\ud83c\udf0d\ud83d\udcaa \u00ab\u00a0<\/li>\n\n\n\n<li>\u00ab\u00a0M\u00e9lomane, d\u00e9butant de soir\u00e9e dansante et clochard de plage \ud83c\udfb6\ud83d\udc83\ud83c\udfd6\ufe0f\u00a0\u00bb<\/li>\n\n\n\n<li>\u00ab\u00a0Gourmet, fan de fitness et amoureux de la nature \ud83c\udf74\ud83d\udcaa\ud83c\udf32\u00a0\u00bb<\/li>\n\n\n\n<li>\u00ab\u00a0Randonneur, photographe et buveur de caf\u00e9 \ud83e\udd7e\ud83d\udcf7\u2615\ufe0f\u00a0\u00bb<\/li>\n\n\n\n<li>\u00ab\u00a0Maman chien, yogi et gourmande \ud83d\udc36\ud83e\uddd8\u200d\u2640\ufe0f\ud83c\udf74\u00a0\u00bb<\/li>\n\n\n\n<li>\u00ab\u00a0Junkie Wanderlust, clochard de plage et bon moment \ud83c\udf0d\ud83c\udfd6\ufe0f\ud83d\ude0e\u00a0\u00bb<\/li>\n\n\n\n<li>\u00ab Rat de biblioth\u00e8que, connaisseur de vin et maman chien \ud83d\udcda\ud83c\udf77\ud83d\udc36 \u00bb<\/li>\n\n\n\n<li>\u00ab\u00a0Aventurier, buveur de caf\u00e9 et ma\u00eetre du sarcasme \ud83d\udcaa\u2615\ufe0f\ud83d\ude09\u00a0\u00bb<\/li>\n\n\n\n<li>\u00ab\u00a0Je crois fermement \u00e0 l&rsquo;id\u00e9e que la vie est une aventure, et je suis toujours pr\u00eate \u00e0 explorer \ud83c\udf0d\ud83c\udfa2\u00a0\u00bb<\/li>\n\n\n\n<li>\u00ab\u00a0Un chien de bout en bout \ud83d\udc36\ud83d\udc95\u00a0\u00bb<\/li>\n\n\n\n<li>\u00ab\u00a0Juste une fille qui aime les livres, le caf\u00e9 et l&rsquo;aventure \ud83d\udcda\u2615\ufe0f\ud83d\udc83\u00a0\u00bb<\/li>\n\n\n\n<li>\u00ab\u00a0Gourmet dans l&rsquo;\u00e2me, avec un amour d&rsquo;essayer de nouveaux restaurants et recettes \ud83c\udf74\ud83c\udf7d\ufe0f\u00a0\u00bb<\/li>\n\n\n\n<li>\u00ab\u00a0Passionn\u00e9 de plein air et amoureux de la nature \ud83c\udf32\ud83c\udfde\ufe0f\u00a0\u00bb<\/li>\n\n\n\n<li>\u00ab\u00a0J&rsquo;ai une passion pour les voyages et la d\u00e9couverte de nouvelles cultures \ud83d\udeeb\ud83c\udf0e\u00a0\u00bb<\/li>\n\n\n\n<li>\u00ab\u00a0M\u00e9lomane et amateur de concerts \ud83c\udfb6\ud83c\udfb5\u00a0\u00bb<\/li>\n\n\n\n<li>\u00ab\u00a0Je suis une grande fan de rire et de profiter des petits moments de la vie \ud83e\udd23\ud83d\ude03\u00a0\u00bb<\/li>\n\n\n\n<li>\u00ab\u00a0J&rsquo;adore le fitness, \u00e0 la fois dans la salle de sport et dans la nature \ud83d\udcaa\ud83c\udfc3\u200d\u2640\ufe0f\u00a0\u00bb<\/li>\n\n\n\n<li>\u00ab\u00a0Connaisseur de vin et amateur de tout ce qui est cosy \ud83c\udf77\ud83d\udecb\ufe0f\u00a0\u00bb<\/li>\n<\/ol>\n\n\n\n<p>Montrez votre personnalit\u00e9&nbsp;: laissez votre personnalit\u00e9 transpara\u00eetre dans votre biographie en utilisant l&rsquo;humour, l&rsquo;esprit ou un style d&rsquo;\u00e9criture unique. Cela vous permet de vous d\u00e9marquer et aide les correspondances potentielles \u00e0 avoir une id\u00e9e de ce que c&rsquo;est que de vous parler.<\/p>\n\n\n\n<p>Voici quelques biographies dr\u00f4les et idiotes pour les femmes sur Bumble&nbsp;:<\/p>\n\n\n\n<ol type=\"1\">\n<li>\u00ab\u00a0Juste une fille qui cherche son homard \ud83e\udd9e\ud83d\udc95\u00a0\u00bb<\/li>\n\n\n\n<li>\u00ab\u00a0Je suis essentiellement un binge-watcher professionnel \ud83d\udcfa\ud83d\udca4\u00a0\u00bb<\/li>\n\n\n\n<li>\u00ab\u00a0Je cherche un homme qui peut g\u00e9rer mes terribles blagues de papa \ud83e\udd23\ud83d\ude02\u00a0\u00bb<\/li>\n\n\n\n<li>\u00ab\u00a0J&rsquo;ai un doctorat en culot \ud83d\udc81\u200d\u2640\ufe0f\ud83d\ude09\u00a0\u00bb<\/li>\n\n\n\n<li>\u00ab\u00a0Junkie Wanderlust et amateur de gym en s\u00e9rie \ud83c\udf0d\ud83d\udcaa\u00a0\u00bb<\/li>\n\n\n\n<li>\u00ab\u00a0La pizza et les chats sont tout pour moi \ud83c\udf55\ud83d\udc31\u00a0\u00bb<\/li>\n\n\n\n<li>\u00ab\u00a0Juste une petite fille de la ville, vivant dans un monde Netflix \ud83c\udfac\ud83d\udc95\u00a0\u00bb<\/li>\n\n\n\n<li>\u00ab\u00a0Je suis fondamentalement une version humaine d&rsquo;une gueule de bois du dimanche matin \ud83e\udd2a\ud83c\udf73\u00a0\u00bb<\/li>\n\n\n\n<li>\u00ab Petter chien professionnel et buveur de vin \ud83d\udc36\ud83c\udf77 \u00bb<\/li>\n\n\n\n<li>\u00ab\u00a0Je ne suis pas du matin, mais je fais une bonne tasse de caf\u00e9 \u2615\ufe0f\ud83d\udcaa\u00a0\u00bb<\/li>\n\n\n\n<li>\u00ab\u00a0Collectionneur de m\u00e8mes professionnel et amateur de blagues de papa \ud83e\udd23\ud83d\ude02\u00a0\u00bb<\/li>\n\n\n\n<li>\u00ab\u00a0J&rsquo;ai un doctorat en soir\u00e9es dansantes en cuisine \ud83d\udc83\ud83c\udf73\u00a0\u00bb<\/li>\n\n\n\n<li>\u00ab\u00a0Licorne \u00e0 temps partiel, gaffe \u00e0 plein temps \ud83e\udd84\ud83d\ude1c\u00a0\u00bb<\/li>\n\n\n\n<li>\u00ab\u00a0Je suis essentiellement une version humaine de l&#8217;emoji avec des c\u0153urs pour les yeux \ud83d\ude0d\u2764\ufe0f\u00a0\u00bb<\/li>\n\n\n\n<li>\u00ab Chat maman de trois b\u00e9b\u00e9s \u00e0 fourrure et ma\u00eetre de la sieste \ud83d\udc31\ud83d\ude34 \u00bb<\/li>\n\n\n\n<li>\u00ab\u00a0Juste une fille qui adore les sushis et les filtres Snapchat \ud83c\udf63\ud83e\udd8a\u00a0\u00bb<\/li>\n\n\n\n<li>\u00ab\u00a0J&rsquo;ai une passion pour tout ce qui touche aux paillettes et aux licornes \ud83e\udd84\ud83c\udf08\u00a0\u00bb<\/li>\n\n\n\n<li>\u00ab\u00a0Je ne suis bon en rien, mais je suis vraiment dou\u00e9 pour faire des grimaces \ud83e\udd2a\ud83d\ude1c\u00a0\u00bb<\/li>\n\n\n\n<li>\u00ab\u00a0Binge-watcher professionnel et expert dans l&rsquo;art de la sieste Netflix \ud83d\udcfa\ud83d\ude34\u00a0\u00bb<\/li>\n\n\n\n<li>\u00ab\u00a0Je suis un ma\u00eetre des blagues de papa et un fan de tout ce qui est punny \ud83e\udd23\ud83d\ude1c\u00a0\u00bb<\/li>\n<\/ol>\n\n\n\n<p>N&rsquo;oubliez pas que le plus important est d&rsquo;\u00eatre vous-m\u00eame et de laisser transpara\u00eetre votre personnalit\u00e9 dans votre biographie.<\/p>\n\n\n\n<p>Si vous souhaitez \u00eatre une fille myst\u00e9rieuse, concentrez-vous sur la mise en \u00e9vidence de votre amour pour le myst\u00e8re et l&rsquo;intrigue. Mentionnez vos passions et ce qui vous rend unique, et utilisez un langage qui cr\u00e9e un sentiment de myst\u00e8re et de d\u00e9couverte. Assurez-vous simplement de garder votre biographie l\u00e9g\u00e8re et respectueuse, et \u00e9vitez d&rsquo;\u00eatre trop \u00e9nigmatique ou rebutante.<\/p>\n\n\n\n<p>Voici quelques exemples de biographies secr\u00e8tes de Bumble pour femmes :<\/p>\n\n\n\n<ol type=\"1\">\n<li>\u00ab\u00a0Je suis un myst\u00e8re, envelopp\u00e9 d&rsquo;une \u00e9nigme, saupoudr\u00e9 d&rsquo;un peu de magie \ud83d\udd2e\ud83d\udcab\u00a0\u00bb<\/li>\n\n\n\n<li>\u00ab\u00a0J&rsquo;ai une passion pour les puzzles et tout ce qui est \u00e9nigmatique \ud83e\udde9\ud83d\udd75\ufe0f\u200d\u2640\ufe0f\u00a0\u00bb<\/li>\n\n\n\n<li>\u00ab\u00a0Je suis fan des cachettes secr\u00e8tes, des moments calmes et de nouvelles aventures \ud83d\uddfa\ufe0f\ud83c\udfa2\u00a0\u00bb<\/li>\n\n\n\n<li>\u00ab\u00a0J&rsquo;aime les jardins secrets, les sentiers cach\u00e9s et la d\u00e9couverte de nouveaux endroits \ud83c\udf3f\ud83d\udeb6\u200d\u2640\ufe0f\u00a0\u00bb<\/li>\n\n\n\n<li>\u00ab\u00a0Je suis fan des romans secrets et policiers, toujours \u00e0 la recherche d&rsquo;un bon roman policier \ud83d\udd0d\ud83d\udca1\u00a0\u00bb<\/li>\n\n\n\n<li>\u00ab\u00a0Je suis un collectionneur de secrets, toujours \u00e0 la recherche d&rsquo;une bonne histoire \ud83e\udd2b\ud83d\udcac\u00a0\u00bb<\/li>\n\n\n\n<li>\u00ab\u00a0J&rsquo;ai une passion pour d\u00e9couvrir des secrets, r\u00e9soudre des \u00e9nigmes et jouer au d\u00e9tective \ud83d\udd75\ufe0f\u200d\u2640\ufe0f\ud83d\udd0d\u00a0\u00bb<\/li>\n\n\n\n<li>\u00ab\u00a0Je suis un ma\u00eetre du d\u00e9guisement et un expert dans l&rsquo;art de la subtilit\u00e9 \ud83d\udd75\ufe0f\u200d\u2640\ufe0f\ud83d\ude4a\u00a0\u00bb<\/li>\n\n\n\n<li>\u00ab\u00a0Je suis un fan de l&rsquo;inconnu, toujours \u00e0 la recherche de quelque chose de nouveau et de myst\u00e9rieux \ud83d\udd0d\ud83d\udd75\ufe0f\u200d\u2640\ufe0f\u00a0\u00bb<\/li>\n\n\n\n<li>\u00ab\u00a0J&rsquo;aime les tr\u00e9sors cach\u00e9s, les d\u00e9couvertes obscures et d\u00e9couvrir ce qui est secret \ud83d\udd0e\ud83d\udc8e\u00a0\u00bb<\/li>\n<\/ol>\n\n\n\n<p>Il est important d&rsquo;\u00e9viter d&rsquo;utiliser un langage n\u00e9gatif ou rebutant dans votre biographie, car cela peut attirer des personnes qui ne recherchent pas une relation saine.<\/p>\n\n\n\n<p>Voici quelques exemples des pires bios pour femmes sur Bumble :<\/p>\n\n\n\n<ol type=\"1\">\n<li>\u00ab\u00a0Je cherche juste quelqu&rsquo;un pour prendre soin de moi \ud83d\udcb0\ud83d\udc81\u200d\u2640\ufe0f\u00a0\u00bb<\/li>\n\n\n\n<li>\u00ab\u00a0Pas int\u00e9ress\u00e9 \u00e0 jouer \u00e0 des jeux, \u00e0 moins qu&rsquo;ils ne soient en ligne \ud83d\udcbb\ud83c\udfae\u00a0\u00bb<\/li>\n\n\n\n<li>\u00ab\u00a0Je ne suis pas comme les autres, je suis en fait tr\u00e8s exigeant \ud83d\udc85\ud83d\udc84\u00a0\u00bb<\/li>\n\n\n\n<li>\u00ab\u00a0Juste ici pour la nourriture gratuite \ud83c\udf54\ud83c\udf5f\u00a0\u00bb<\/li>\n\n\n\n<li>\u00ab\u00a0Je ne suis bon \u00e0 rien, mais je suis vraiment dou\u00e9 pour \u00eatre paresseux \ud83d\udecc\ud83d\ude34\u00a0\u00bb<\/li>\n\n\n\n<li>\u00ab\u00a0Je cherche quelqu&rsquo;un pour soutenir mon habitude d&rsquo;achat \ud83d\udcb0\ud83d\udecd\ufe0f\u00a0\u00bb<\/li>\n\n\n\n<li>\u00ab\u00a0Je ne suis pas vraiment bon \u00e0 quoi que ce soit, mais je suis vraiment bon pour \u00eatre un sale bordel \ud83d\udd25\ud83e\udd2a\u00a0\u00bb<\/li>\n\n\n\n<li>\u00ab\u00a0Je ne suis pas int\u00e9ress\u00e9 par les relations, juste les rencontres occasionnelles \ud83d\udc91\ud83d\udc6b\u00a0\u00bb<\/li>\n\n\n\n<li>\u00ab\u00a0Je suis une reine du drame et je n&rsquo;ai pas honte \ud83d\udc81\u200d\u2640\ufe0f\ud83d\ude12\u00a0\u00bb<\/li>\n\n\n\n<li>\u00ab\u00a0Je ne cherche rien de s\u00e9rieux, juste un sugar daddy \ud83d\udcb0\ud83c\udf6c\u00a0\u00bb<\/li>\n<\/ol>\n","protected":false},"excerpt":{"rendered":"<p>Joconda a rencontr\u00e9 des profils Bumble vraiment cr\u00e9atifs et engageants qui ont attir\u00e9 l&rsquo;attention. Jetons un coup d&rsquo;\u0153il \u00e0 certains des meilleurs bios sur Bumble et apprenons \u00e0 cr\u00e9er un bio qui se fait remarquer.<\/p>\n","protected":false},"author":1,"featured_media":173,"parent":0,"menu_order":0,"comment_status":"closed","ping_status":"closed","template":"","meta":[],"_links":{"self":[{"href":"https:\/\/www.joconda.org\/fr\/wp-json\/wp\/v2\/pages\/54"}],"collection":[{"href":"https:\/\/www.joconda.org\/fr\/wp-json\/wp\/v2\/pages"}],"about":[{"href":"https:\/\/www.joconda.org\/fr\/wp-json\/wp\/v2\/types\/page"}],"author":[{"embeddable":true,"href":"https:\/\/www.joconda.org\/fr\/wp-json\/wp\/v2\/users\/1"}],"replies":[{"embeddable":true,"href":"https:\/\/www.joconda.org\/fr\/wp-json\/wp\/v2\/comments?post=54"}],"version-history":[{"count":3,"href":"https:\/\/www.joconda.org\/fr\/wp-json\/wp\/v2\/pages\/54\/revisions"}],"predecessor-version":[{"id":174,"href":"https:\/\/www.joconda.org\/fr\/wp-json\/wp\/v2\/pages\/54\/revisions\/174"}],"wp:featuredmedia":[{"embeddable":true,"href":"https:\/\/www.joconda.org\/fr\/wp-json\/wp\/v2\/media\/173"}],"wp:attachment":[{"href":"https:\/\/www.joconda.org\/fr\/wp-json\/wp\/v2\/media?parent=54"}],"curies":[{"name":"wp","href":"https:\/\/api.w.org\/{rel}","templated":true}]}}