{"id":51,"date":"2023-02-09T16:12:55","date_gmt":"2023-02-09T16:12:55","guid":{"rendered":"https:\/\/www.joconda.org\/fr\/?page_id=51"},"modified":"2023-02-24T08:46:43","modified_gmt":"2023-02-24T08:46:43","slug":"bios-tinder-pour-femmes-bons-mauvais-et-droles","status":"publish","type":"page","link":"https:\/\/www.joconda.org\/fr\/bios-tinder-pour-femmes-bons-mauvais-et-droles\/","title":{"rendered":"Bios Tinder pour femmes: bons, mauvais et dr\u00f4les"},"content":{"rendered":"\n<p>Montrez votre personnalit\u00e9&nbsp;: laissez votre personnalit\u00e9 transpara\u00eetre dans votre biographie en utilisant l&rsquo;humour, l&rsquo;esprit ou un style d&rsquo;\u00e9criture unique. Cela vous permet de vous d\u00e9marquer et aide les correspondances potentielles \u00e0 avoir une id\u00e9e de ce que c&rsquo;est que de vous parler. Soyez vous-m\u00eame&nbsp;: n&rsquo;essayez pas d&rsquo;\u00eatre quelqu&rsquo;un que vous n&rsquo;\u00eates pas dans votre biographie. Soyez authentique et fid\u00e8le \u00e0 vous-m\u00eame, car cela attirera les personnes qui recherchent quelqu&rsquo;un d&rsquo;authentique et de r\u00e9el.<\/p>\n\n\n\n<p>Voici quelques bons exemples de bios Tinder pour femmes :<\/p>\n\n\n\n<ol type=\"1\">\n<li>\u00ab\u00a0Aventurier et amoureux des chiens \ud83d\udc3e\ud83c\udf0e\u00a0\u00bb<\/li>\n\n\n\n<li>\u00ab\u00a0Gourmet dans l&rsquo;\u00e2me, mais aussi rat de gym \ud83d\udcaa\ud83c\udf54\u00a0\u00bb<\/li>\n\n\n\n<li>\u00ab\u00a0Connaisseur de vin et binger Netflix \ud83c\udf77\ud83d\udcfa\u00a0\u00bb<\/li>\n\n\n\n<li>\u00ab\u00a0Le sarcasme et les jeux de mots sont mes points forts \ud83e\udd23\ud83d\udcac\u00a0\u00bb<\/li>\n\n\n\n<li>\u00ab Rat de biblioth\u00e8que et accro au caf\u00e9 \ud83d\udcd6\u2615\ufe0f \u00bb<\/li>\n\n\n\n<li>\u00ab Passionn\u00e9e de nature et pratiquante de yoga \ud83e\uddd8\u200d\u2640\ufe0f\ud83c\udf32 \u00bb<\/li>\n\n\n\n<li>\u00ab\u00a0M\u00e9lomane et machine \u00e0 danser \ud83c\udfb6\ud83d\udc83\u00a0\u00bb<\/li>\n\n\n\n<li>\u00ab\u00a0Voyageur en qu\u00eate de nouvelles exp\u00e9riences \ud83c\udf0d\u2708\ufe0f\u00a0\u00bb<\/li>\n\n\n\n<li>\u00ab Fonceuse ambitieuse et romantique sans espoir \ud83d\udcbc\u2764\ufe0f \u00bb<\/li>\n\n\n\n<li>\u00ab\u00a0Le rire est le meilleur des rem\u00e8des, gu\u00e9rissons ensemble de l&rsquo;ennui \ud83e\udd2a\ud83d\udc8a\u00a0\u00bb<\/li>\n\n\n\n<li>\u00ab\u00a0Aventurier spontan\u00e9 \ud83c\udf0d\u2708\ufe0f\u00a0\u00bb<\/li>\n\n\n\n<li>\u00ab\u00a0R\u00eaveur au caf\u00e9 \ud83d\udcad\u2615\ufe0f\u00a0\u00bb<\/li>\n\n\n\n<li>\u00ab\u00a0Amoureux de la nature et passionn\u00e9 de randonn\u00e9e \ud83c\udf32\ud83e\udd7e\u00a0\u00bb<\/li>\n\n\n\n<li>\u00ab\u00a0Gourmet et connaisseur de vin \ud83c\udf54\ud83c\udf77\u00a0\u00bb<\/li>\n\n\n\n<li>\u00ab\u00a0M\u00e9lomane et amateur de concerts \ud83c\udfb6\ud83c\udfb5\u00a0\u00bb<\/li>\n\n\n\n<li>\u00ab\u00a0Amoureuse des animaux et fi\u00e8re maman chiot \ud83d\udc36\ud83d\udc95\u00a0\u00bb<\/li>\n\n\n\n<li>\u00ab\u00a0Optimiste et toujours pr\u00eat \u00e0 relever un d\u00e9fi \ud83d\udcaa\ud83d\ude01\u00a0\u00bb<\/li>\n\n\n\n<li>\u00ab\u00a0Grand voyageur et passionn\u00e9 de culture \ud83c\udf0d\ud83c\udf1e\u00a0\u00bb<\/li>\n\n\n\n<li>\u00ab Rire est mon entra\u00eenement pr\u00e9f\u00e9r\u00e9 \ud83d\udcaa\ud83e\udd23 \u00bb<\/li>\n\n\n\n<li>\u00ab\u00a0Apprenti tout au long de la vie et esprit curieux \ud83e\udde0\ud83d\udcda\u00a0\u00bb<\/li>\n<\/ol>\n\n\n\n<p>N&rsquo;ayez pas peur d&rsquo;\u00eatre dr\u00f4le ou m\u00eame un peu b\u00eate. Voici quelques biographies amusantes potentielles pour les femmes sur Tinder&nbsp;:<\/p>\n\n\n\n<ol type=\"1\">\n<li>\u00ab\u00a0Netflix &amp; chill est mon id\u00e9e d&rsquo;un rendez-vous parfait \ud83c\udf7f\u00a0\u00bb<\/li>\n\n\n\n<li>\u00ab\u00a0Juste une petite fille de la ville, vivant dans un monde solitaire \ud83c\udfb6\u00a0\u00bb<\/li>\n\n\n\n<li>\u00ab\u00a0Wanderlust junkie et maman chiot \ud83d\udc3e\ud83c\udf0d\u00a0\u00bb<\/li>\n\n\n\n<li>\u00ab\u00a0Va probablement voler vos frites \ud83c\udf5f #SorryNotSorry\u00a0\u00bb<\/li>\n\n\n\n<li>\u00ab Collecteur professionnel de la troisi\u00e8me roue et des m\u00e8mes \ud83e\udd23 \u00bb<\/li>\n\n\n\n<li>\u00ab\u00a0J&rsquo;essaie juste de vivre ma vie, de manger de la pizza et de trouver l&rsquo;amour \ud83c\udf55\u2764\ufe0f\u00a0\u00bb<\/li>\n\n\n\n<li>\u00ab\u00a0Je ne suis pas photographe, mais je peux nous imaginer ensemble \ud83d\udcf7\u00a0\u00bb<\/li>\n\n\n\n<li>\u00ab\u00a0Bonnes vibrations uniquement \ud83c\udf1e R\u00e9pandons la positivit\u00e9 et le rire \ud83d\udc81\u200d\u2640\ufe0f\u00a0\u00bb<\/li>\n\n\n\n<li>\u00ab\u00a0Le sarcasme est mon langage d&rsquo;amour \ud83d\udcac\u00a0\u00bb<\/li>\n\n\n\n<li>\u00ab\u00a0Je cherche quelqu&rsquo;un qui peut g\u00e9rer les blagues de mon p\u00e8re \ud83e\udd2a\u00a0\u00bb<\/li>\n\n\n\n<li>\u00ab\u00a0C\u00e2lineur professionnel et binge-watcher Netflix \ud83d\udecb\ufe0f\ud83d\udcfa\u00a0\u00bb<\/li>\n\n\n\n<li>\u00ab\u00a0Amateur de fromage et collectionneur de m\u00e8mes \ud83e\uddc0\ud83d\ude02\u00a0\u00bb<\/li>\n\n\n\n<li>\u00ab\u00a0La reine du karaok\u00e9 et la diva de la piste de danse \ud83c\udfa4\ud83d\udc83\u00a0\u00bb<\/li>\n\n\n\n<li>\u00ab\u00a0Amateur de pizza et connaisseur de sieste \ud83c\udf55\ud83d\udca4\u00a0\u00bb<\/li>\n\n\n\n<li>\u00ab\u00a0Idiot et sarcastique, avec un c\u00f4t\u00e9 d&rsquo;esprit \ud83e\udd2a\ud83d\udcac\u00a0\u00bb<\/li>\n\n\n\n<li>\u00ab Croyant aux licornes et passionn\u00e9 d&rsquo;\u00e9tincelles \ud83e\udd84\ud83c\udf1f \u00bb<\/li>\n\n\n\n<li>\u00ab\u00a0Maman chien et folle chat en formation \ud83d\udc36\ud83d\ude3b\u00a0\u00bb<\/li>\n\n\n\n<li>\u00ab\u00a0Accro au chocolat et binge-watcher Netflix \ud83c\udf6b\ud83d\udcfa\u00a0\u00bb<\/li>\n\n\n\n<li>\u00ab\u00a0Fi\u00e8re femme aux plantes et casani\u00e8re \ud83c\udf31\ud83c\udfe1\u00a0\u00bb<\/li>\n\n\n\n<li>\u00ab Preneur de selfies professionnel et admirateur de miroirs \ud83d\udcf8\ud83d\udc69\u200d\ud83e\uddb2 \u00bb<\/li>\n\n\n\n<li>\u00ab\u00a0Netflix et chill&nbsp;? Plus comme des livres et des sensations fortes \ud83d\udcda\ud83d\udcaa\u00a0\u00bb<\/li>\n\n\n\n<li>\u00ab\u00a0La pizza c&rsquo;est bae, et le vin aussi \ud83c\udf55\ud83c\udf77\u00a0\u00bb<\/li>\n\n\n\n<li>\u00ab\u00a0J&rsquo;ai une personnalit\u00e9 que tu ne peux pas g\u00e9rer&#8230; mais n&rsquo;h\u00e9site pas \u00e0 essayer \ud83d\ude09\u00a0\u00bb<\/li>\n\n\n\n<li>\u00ab\u00a0Je ne sais jamais quoi mettre ici, alors voici une blague de papa&nbsp;: pourquoi la tomate est devenue rouge&nbsp;? Parce qu&rsquo;elle a vu la vinaigrette&nbsp;! \ud83e\udd23\u00a0\u00bb<\/li>\n\n\n\n<li>\u00ab\u00a0Juste une fille, debout devant un gar\u00e7on, lui demandant de balayer vers la droite \ud83d\udc81\u200d\u2640\ufe0f\u00a0\u00bb<\/li>\n\n\n\n<li>\u00ab\u00a0Je suis une maman chien, donc si vous n&rsquo;aimez pas les chiens, nous n&rsquo;allons pas nous entra\u00eener \ud83d\udc36\u00a0\u00bb<\/li>\n\n\n\n<li>\u00ab\u00a0Je ne suis peut-\u00eatre pas un g\u00e9nie, mais je peux r\u00e9aliser vos souhaits \ud83e\uddde\u200d\u2640\ufe0f\u00a0\u00bb<\/li>\n\n\n\n<li>\u00ab\u00a0Juste un rappel&nbsp;: je ne suis pas photographe, mais je peux certainement nous imaginer ensemble \ud83d\udcf8\u00a0\u00bb<\/li>\n\n\n\n<li>\u00ab\u00a0J&rsquo;aime les longues promenades sur la plage&#8230; mais soyons r\u00e9alistes, je suis l\u00e0 pour les verres \ud83c\udf79\u00a0\u00bb<\/li>\n\n\n\n<li>\u00ab\u00a0J&rsquo;ai un doctorat en sarcasme, alors m\u00e9fiez-vous \ud83d\ude09\u00a0\u00bb<\/li>\n<\/ol>\n\n\n\n<p>Il n&rsquo;est pas recommand\u00e9 d&rsquo;utiliser un langage n\u00e9gatif ou rebutant dans votre profil Tinder, car cela peut attirer des personnes qui ne recherchent pas une relation saine. Au lieu de cela, il est pr\u00e9f\u00e9rable de se concentrer sur la mise en \u00e9vidence de vos qualit\u00e9s et int\u00e9r\u00eats positifs. Cependant, voici quelques exemples de ce qu&rsquo;il ne faut PAS faire&nbsp;:<\/p>\n\n\n\n<ol type=\"1\">\n<li>\u00ab\u00a0Juste ici parce que je m&rsquo;ennuie \ud83d\ude44\u00a0\u00bb<\/li>\n\n\n\n<li>\u00ab\u00a0Je ne cherche rien de s\u00e9rieux, juste une rencontre \ud83e\udd37\u200d\u2640\ufe0f\u00a0\u00bb<\/li>\n\n\n\n<li>\u00ab\u00a0Pas le meilleur dans les relations, alors amusons-nous \ud83e\udd2a\u00a0\u00bb<\/li>\n\n\n\n<li>\u00ab\u00a0Pas un mannequin, juste une fille normale qui tente sa chance \ud83d\ude43\u00a0\u00bb<\/li>\n\n\n\n<li>\u00ab\u00a0Pas dou\u00e9 pour faire la conversation, mais je ferai de mon mieux \ud83e\udd14\u00a0\u00bb<\/li>\n\n\n\n<li>\u00ab\u00a0Je cherche juste quelqu&rsquo;un pour me faire sentir mieux dans ma peau \ud83d\udc94\u00a0\u00bb<\/li>\n\n\n\n<li>\u00ab\u00a0J&rsquo;ai \u00e9t\u00e9 bless\u00e9 trop de fois, alors je cherche juste quelque chose de d\u00e9contract\u00e9 \ud83d\udc94\u00a0\u00bb<\/li>\n\n\n\n<li>\u00ab\u00a0Je ne suis pas s\u00fbr de ce que je fais ici, alors voyons juste o\u00f9 \u00e7a va \ud83e\udd37\u200d\u2640\ufe0f\u00a0\u00bb<\/li>\n\n\n\n<li>\u00ab\u00a0J&rsquo;en ai marre d&rsquo;\u00eatre c\u00e9libataire, mais je ne sais pas si je suis pr\u00eat pour une relation \ud83e\udd14\u00a0\u00bb<\/li>\n\n\n\n<li>\u00ab\u00a0Ce n&rsquo;est pas le plus beau, mais j&rsquo;ai une super personnalit\u00e9 \ud83d\ude43 (ou du moins c&rsquo;est ce qu&rsquo;on m&rsquo;a dit)\u00a0\u00bb<\/li>\n\n\n\n<li>\u00ab\u00a0Juste ici pour la nourriture gratuite \ud83c\udf54\u00a0\u00bb<\/li>\n\n\n\n<li>\u00ab\u00a0Je ne cherche rien de s\u00e9rieux, juste une aventure \ud83e\udd37\u200d\u2640\ufe0f\u00a0\u00bb<\/li>\n\n\n\n<li>\u00ab\u00a0Pas dou\u00e9 pour faire la conversation, alors n&rsquo;attendez pas grand-chose \ud83e\udd14\u00a0\u00bb<\/li>\n\n\n\n<li>\u00ab\u00a0J&rsquo;ai \u00e9t\u00e9 bless\u00e9 trop de fois, donc je ne fais pas confiance facilement \ud83d\udc94\u00a0\u00bb<\/li>\n\n\n\n<li>\u00ab\u00a0Pas le plus beau, mais je suis confiant \ud83d\ude0e\u00a0\u00bb<\/li>\n\n\n\n<li>\u00ab\u00a0Je ne suis pas s\u00fbr de ce que je cherche, alors glisse juste pour le plaisir \ud83d\udc81\u200d\u2640\ufe0f\u00a0\u00bb<\/li>\n\n\n\n<li>\u00ab\u00a0Je ne cherche pas \u00e0 m&rsquo;installer de si t\u00f4t \ud83d\udd7a\u00a0\u00bb<\/li>\n\n\n\n<li>\u00ab\u00a0Pas une personne du matin, alors ne vous attendez pas \u00e0 du soleil \ud83c\udf1e\u00a0\u00bb<\/li>\n\n\n\n<li>\u00ab\u00a0J&rsquo;en ai marre d&rsquo;\u00eatre c\u00e9libataire, alors je cherche juste un rebond \ud83d\udc94\u00a0\u00bb<\/li>\n\n\n\n<li>\u00ab\u00a0Pas g\u00e9nial dans les relations, alors je cherche juste \u00e0 m&rsquo;amuser \ud83e\udd2a\u00a0\u00bb<\/li>\n<\/ol>\n\n\n\n<p>Et ce n&rsquo;est pas que des filles ! En prime, j&rsquo;ai quelques exemples de bios myst\u00e9rieux de Tinder \u00e0 ajouter au m\u00e9lange.<\/p>\n\n\n\n<ol type=\"1\">\n<li>\u00ab\u00a0J&rsquo;ai une passion pour l&rsquo;inconnu, toujours \u00e0 la recherche de la suite \ud83d\udd0d\ud83d\udd75\ufe0f\u200d\u2640\ufe0f\u00a0\u00bb<\/li>\n\n\n\n<li>\u00ab\u00a0Je suis fan de tr\u00e9sors cach\u00e9s, d\u00e9couvertes obscures et d\u00e9couverte de ce qui est secret \ud83d\udc8e\ud83d\udd0d\u00a0\u00bb<\/li>\n\n\n\n<li>\u00ab\u00a0Je suis un ma\u00eetre du d\u00e9guisement et un expert dans l&rsquo;art de la subtilit\u00e9 \ud83d\udd75\ufe0f\u200d\u2640\ufe0f\ud83d\ude4a\u00a0\u00bb<\/li>\n\n\n\n<li>\u00ab\u00a0Je suis un myst\u00e8re, envelopp\u00e9 d&rsquo;une \u00e9nigme, saupoudr\u00e9 d&rsquo;un peu de magie \ud83d\udd2e\ud83d\udcab\u00a0\u00bb<\/li>\n\n\n\n<li>\u00ab\u00a0J&rsquo;ai un amour pour les romans policiers, toujours \u00e0 la recherche d&rsquo;un bon roman policier \ud83d\udcda\ud83d\udd0d\u00a0\u00bb<\/li>\n\n\n\n<li>\u00ab\u00a0Je suis un collectionneur de secrets, toujours \u00e0 la recherche d&rsquo;une bonne histoire \ud83e\udd2b\ud83d\udcac\u00a0\u00bb<\/li>\n\n\n\n<li>\u00ab\u00a0Je suis fan des cachettes secr\u00e8tes, des moments calmes et de nouvelles aventures \ud83d\uddfa\ufe0f\ud83c\udfa2\u00a0\u00bb<\/li>\n\n\n\n<li>\u00ab\u00a0J&rsquo;aime les jardins secrets, les sentiers cach\u00e9s et la d\u00e9couverte de nouveaux endroits \ud83c\udf3f\ud83d\udeb6\u200d\u2640\ufe0f\u00a0\u00bb<\/li>\n\n\n\n<li>\u00ab\u00a0Je suis un fan de l&rsquo;inconnu, toujours \u00e0 la recherche de quelque chose de nouveau et de myst\u00e9rieux \ud83d\udd0d\ud83d\udd75\ufe0f\u200d\u2640\ufe0f\u00a0\u00bb<\/li>\n\n\n\n<li>\u00ab\u00a0J&rsquo;ai une passion pour d\u00e9couvrir des secrets, r\u00e9soudre des \u00e9nigmes et jouer au d\u00e9tective \ud83d\udd75\ufe0f\u200d\u2640\ufe0f\ud83d\udd0d\u00a0\u00bb<\/li>\n<\/ol>\n","protected":false},"excerpt":{"rendered":"<p>Joconda a pass\u00e9 d&rsquo;innombrables heures \u00e0 balayer et \u00e0 analyser le bios de Tinder, essayant de comprendre ce qui fonctionne et ce qui ne fonctionne pas.<\/p>\n","protected":false},"author":1,"featured_media":170,"parent":0,"menu_order":0,"comment_status":"closed","ping_status":"closed","template":"","meta":[],"_links":{"self":[{"href":"https:\/\/www.joconda.org\/fr\/wp-json\/wp\/v2\/pages\/51"}],"collection":[{"href":"https:\/\/www.joconda.org\/fr\/wp-json\/wp\/v2\/pages"}],"about":[{"href":"https:\/\/www.joconda.org\/fr\/wp-json\/wp\/v2\/types\/page"}],"author":[{"embeddable":true,"href":"https:\/\/www.joconda.org\/fr\/wp-json\/wp\/v2\/users\/1"}],"replies":[{"embeddable":true,"href":"https:\/\/www.joconda.org\/fr\/wp-json\/wp\/v2\/comments?post=51"}],"version-history":[{"count":2,"href":"https:\/\/www.joconda.org\/fr\/wp-json\/wp\/v2\/pages\/51\/revisions"}],"predecessor-version":[{"id":172,"href":"https:\/\/www.joconda.org\/fr\/wp-json\/wp\/v2\/pages\/51\/revisions\/172"}],"wp:featuredmedia":[{"embeddable":true,"href":"https:\/\/www.joconda.org\/fr\/wp-json\/wp\/v2\/media\/170"}],"wp:attachment":[{"href":"https:\/\/www.joconda.org\/fr\/wp-json\/wp\/v2\/media?parent=51"}],"curies":[{"name":"wp","href":"https:\/\/api.w.org\/{rel}","templated":true}]}}