{"id":5,"date":"2023-02-08T21:15:19","date_gmt":"2023-02-08T21:15:19","guid":{"rendered":"https:\/\/www.joconda.org\/fr\/?page_id=5"},"modified":"2023-02-24T08:51:54","modified_gmt":"2023-02-24T08:51:54","slug":"comment-bumble-fonctionne-pour-les-femmes","status":"publish","type":"page","link":"https:\/\/www.joconda.org\/fr\/comment-bumble-fonctionne-pour-les-femmes\/","title":{"rendered":"Comment Bumble fonctionne pour les femmes"},"content":{"rendered":"\n<p><strong>En un coup d&rsquo;\u0153il<\/strong><\/p>\n\n\n\n<p>Bumble est une application de rencontre o\u00f9 les femmes font le premier pas. Les utilisateurs peuvent correspondre et se connecter avec des partenaires potentiels au sein de l&rsquo;application, et si deux utilisateurs correspondent, la femme a 24 heures pour engager une conversation avec son match. Bumble propose \u00e9galement des fonctionnalit\u00e9s suppl\u00e9mentaires telles que Bumble BFF pour trouver des amis et Bumble Bizz pour le r\u00e9seautage professionnel.<\/p>\n\n\n\n<p><strong>Plus pr\u00e8s<\/strong><\/p>\n\n\n\n<p>Sur Bumble, les femmes ont le pouvoir d&rsquo;engager des conversations avec leurs matchs. Lorsque deux utilisateurs correspondent, la femme a 24 heures pour entamer une conversation avec son partenaire. Si la femme n&rsquo;entame pas de conversation dans ce laps de temps, le match expirera. Bumble est con\u00e7u pour donner aux femmes plus de contr\u00f4le sur le processus de rencontres en ligne et pour cr\u00e9er un environnement plus s\u00fbr et plus stimulant pour que les femmes puissent se connecter avec des partenaires potentiels. Les femmes peuvent utiliser l&rsquo;application pour sortir ensemble, trouver des amis ou faire du r\u00e9seautage professionnel, selon le mode qu&rsquo;elles choisissent.<\/p>\n\n\n\n<p>Bumble est une application freemium, ce qui signifie que la version de base est gratuite, mais les utilisateurs ont la possibilit\u00e9 de payer pour des fonctionnalit\u00e9s premium via un service d&rsquo;abonnement appel\u00e9 Bumble Boost. Les femmes n&rsquo;ont pas \u00e0 payer pour utiliser Bumble, mais si elles choisissent d&rsquo;acheter Bumble Boost, elles auront acc\u00e8s \u00e0 des fonctionnalit\u00e9s suppl\u00e9mentaires telles que la possibilit\u00e9 de rematcher avec des matchs expir\u00e9s et de voir qui a d\u00e9j\u00e0 aim\u00e9 leur profil. Le co\u00fbt de Bumble Boost varie en fonction de la dur\u00e9e de l&rsquo;abonnement et du pays dans lequel vous vous trouvez.<\/p>\n\n\n\n<p>Bumble propose plusieurs fonctionnalit\u00e9s pour am\u00e9liorer l&rsquo;exp\u00e9rience utilisateur :<\/p>\n\n\n\n<ol type=\"1\">\n<li>Correspondance : les utilisateurs peuvent glisser vers la droite sur les profils qu&rsquo;ils aiment et si deux utilisateurs glissent tous les deux vers la droite, ils seront mis en correspondance et pourront commencer \u00e0 s&rsquo;envoyer des messages.<\/li>\n\n\n\n<li>Bumble Date : Cette fonctionnalit\u00e9 est destin\u00e9e \u00e0 ceux qui recherchent une relation et permet aux utilisateurs de correspondre avec des personnes qui recherchent la m\u00eame chose.<\/li>\n\n\n\n<li>Bumble BFF : cette fonctionnalit\u00e9 permet aux utilisateurs de se connecter avec d&rsquo;autres personnes pour l&rsquo;amiti\u00e9 plut\u00f4t que pour les rencontres.<\/li>\n\n\n\n<li>Bumble Bizz : cette fonctionnalit\u00e9 permet aux utilisateurs de se connecter avec des professionnels pour des opportunit\u00e9s de r\u00e9seautage et de carri\u00e8re.<\/li>\n\n\n\n<li>First Move : Sur Bumble, les femmes ont la possibilit\u00e9 de faire le premier pas et d&rsquo;entamer une conversation avec leurs matchs.<\/li>\n\n\n\n<li>SuperSwipe : cette fonctionnalit\u00e9 permet aux utilisateurs de montrer un int\u00e9r\u00eat suppl\u00e9mentaire pour quelqu&rsquo;un avec qui ils ont \u00e9t\u00e9 jumel\u00e9s en glissant vers le haut sur leur profil.<\/li>\n\n\n\n<li>Filtres : Bumble propose plusieurs filtres, tels que l&rsquo;\u00e2ge, l&#8217;emplacement et les int\u00e9r\u00eats, pour aider les utilisateurs \u00e0 trouver des correspondances qui r\u00e9pondent \u00e0 leurs crit\u00e8res.<\/li>\n\n\n\n<li>Appels vocaux et vid\u00e9o : Bumble propose des fonctionnalit\u00e9s d&rsquo;appels vocaux et vid\u00e9o pour permettre aux utilisateurs de mieux se conna\u00eetre avant de se rencontrer en personne.<\/li>\n\n\n\n<li>V\u00e9rification des photos : Bumble propose une v\u00e9rification des photos pour s&rsquo;assurer que les utilisateurs sont bien ceux qu&rsquo;ils pr\u00e9tendent \u00eatre et pour aider \u00e0 cr\u00e9er une communaut\u00e9 plus s\u00fbre.<\/li>\n<\/ol>\n\n\n\n<p><strong>Bumble avantages et inconv\u00e9nients<\/strong><\/p>\n\n\n\n<p>Il existe plusieurs avantages pour les femmes qui distinguent Bumble des autres applications de rencontres :<\/p>\n\n\n\n<ol type=\"1\">\n<li>Autonomisation : Bumble donne aux femmes le pouvoir d&rsquo;engager des conversations, leur permettant de prendre le contr\u00f4le du processus de rencontre.<\/li>\n\n\n\n<li>S\u00e9curit\u00e9 : Bumble a des processus de v\u00e9rification photo stricts et encourage les utilisateurs \u00e0 signaler tout comportement inappropri\u00e9, ce qui en fait un espace plus s\u00fbr pour les femmes.<\/li>\n\n\n\n<li>Vari\u00e9t\u00e9 de modes : Bumble propose des modes de rencontres, de recherche d&rsquo;amis et de r\u00e9seautage professionnel, donnant aux femmes la possibilit\u00e9 d&rsquo;utiliser l&rsquo;application \u00e0 des fins multiples.<\/li>\n\n\n\n<li>Matchs de qualit\u00e9&nbsp;: l&rsquo;exigence de Bumble pour les femmes d&rsquo;engager des conversations peut entra\u00eener des matchs de meilleure qualit\u00e9 et plus significatifs.<\/li>\n\n\n\n<li>Confiance accrue : En prenant l&rsquo;initiative de la conversation, les femmes peuvent se sentir plus confiantes et en contr\u00f4le lorsqu&rsquo;elles utilisent Bumble.<\/li>\n\n\n\n<li>Gain de temps&nbsp;: la limite de temps de Bumble pour d\u00e9marrer une conversation encourage les utilisateurs \u00e0 \u00eatre plus d\u00e9cisifs et peut gagner du temps en filtrant rapidement les correspondances inactives ou non int\u00e9ress\u00e9es.<\/li>\n<\/ol>\n\n\n\n<p>Comme toute application de rencontres, Bumble pr\u00e9sente certains inconv\u00e9nients qui peuvent affecter les utilisatrices. Certains d&rsquo;entre eux incluent:<\/p>\n\n\n\n<ol type=\"1\">\n<li>Harc\u00e8lement et messages dangereux&nbsp;: comme pour toute plate-forme en ligne, Bumble n&rsquo;est pas \u00e0 l&rsquo;abri des cas de harc\u00e8lement et de messages dangereux. Les femmes peuvent recevoir des messages inappropri\u00e9s ou harcelants de la part d&rsquo;utilisateurs masculins.<\/li>\n\n\n\n<li>Manque de contr\u00f4le sur les matchs&nbsp;: Bien que Bumble donne du pouvoir aux femmes en leur donnant le premier coup, elles peuvent toujours recevoir des matchs qu&rsquo;elles ne veulent pas. Cela peut entra\u00eener de la frustration et un manque de contr\u00f4le sur leur exp\u00e9rience amoureuse.<\/li>\n\n\n\n<li>Qualit\u00e9 de match insatisfaisante&nbsp;: les femmes peuvent trouver que la qualit\u00e9 des matchs sur Bumble n&rsquo;est pas \u00e0 la hauteur de leurs attentes, que ce soit en termes de compatibilit\u00e9 ou d&rsquo;apparence.<\/li>\n\n\n\n<li>Prend du temps&nbsp;: trier les correspondances potentielles et engager des conversations peut prendre beaucoup de temps pour les femmes, en particulier celles qui sont occup\u00e9es ou qui ont des horaires de travail exigeants.<\/li>\n\n\n\n<li>Repr\u00e9sentation inexacte&nbsp;: les utilisateurs peuvent se pr\u00e9senter de mani\u00e8re inexacte sur l&rsquo;application, entra\u00eenant une d\u00e9ception ou une frustration pour les femmes qui recherchent une v\u00e9ritable connexion.<\/li>\n<\/ol>\n\n\n\n<p>Il est important de noter qu&rsquo;il s&rsquo;agit d&rsquo;inconv\u00e9nients potentiels et que les exp\u00e9riences individuelles peuvent varier.<\/p>\n\n\n\n<p><strong>Cr\u00e9er votre profil Bumble et votre biographie<\/strong><\/p>\n\n\n\n<p>Lorsque vous commencez \u00e0 cr\u00e9er votre profil Bumble, n&rsquo;oubliez pas qu&rsquo;il s&rsquo;agit d&rsquo;une repr\u00e9sentation en ligne de vous-m\u00eame qui permet aux correspondances potentielles de vous conna\u00eetre. Voici quelques conseils pour cr\u00e9er un profil Bumble efficace pour les femmes&nbsp;:<\/p>\n\n\n\n<ol type=\"1\">\n<li>Choisissez une photo de profil claire et de haute qualit\u00e9&nbsp;: utilisez une photo r\u00e9cente qui montre votre visage de mani\u00e8re claire et pr\u00e9cise \u00e0 quoi vous ressemblez.<\/li>\n\n\n\n<li>Soyez descriptif dans votre biographie : utilisez vos 300 caract\u00e8res pour donner aux correspondances potentielles une id\u00e9e de qui vous \u00eates, de ce qui vous int\u00e9resse et de ce que vous recherchez dans une relation.<\/li>\n\n\n\n<li>\u00c9num\u00e9rez vos centres d&rsquo;int\u00e9r\u00eat : mentionnez vos passe-temps, vos passions ou tout ce qui vous rend unique.<\/li>\n\n\n\n<li>Restez positif : Concentrez-vous sur les aspects positifs de votre vie et \u00e9vitez le langage ou les plaintes n\u00e9gatifs.<\/li>\n\n\n\n<li>Utilisez des invites&nbsp;: Bumble fournit des invites pour aider les utilisateurs \u00e0 remplir leurs profils, telles que \u00ab\u00a0Mon truc pr\u00e9f\u00e9r\u00e9 \u00e0 propos de&#8230;\u00a0\u00bb, \u00ab\u00a0La derni\u00e8re aventure que j&rsquo;ai v\u00e9cue \u00e9tait&#8230;\u00a0\u00bb, etc. L&rsquo;utilisation de ces invites peut rendre votre profil plus int\u00e9ressant et engageant.<\/li>\n<\/ol>\n\n\n\n<p>Exemple&nbsp;: \u00ab\u00a0Voyageuse passionn\u00e9e, m\u00e9lomane et m\u00e8re de chien. Toujours partante pour une nouvelle aventure et essayer de nouveaux aliments. Je cherche quelqu&rsquo;un pour me rejoindre lors de mon prochain voyage et partager l&rsquo;amour de la musique live.\u00a0\u00bb<\/p>\n\n\n\n<p>Une biographie Bumble est une br\u00e8ve description qui appara\u00eet sur votre profil et donne aux correspondances potentielles une id\u00e9e de qui vous \u00eates. Voici quelques conseils pour cr\u00e9er une biographie Bumble convaincante pour les femmes&nbsp;:<\/p>\n\n\n\n<ol type=\"1\">\n<li>Soyez authentique : Utilisez votre propre voix et laissez transpara\u00eetre votre personnalit\u00e9.<\/li>\n\n\n\n<li>Mettez en valeur vos centres d&rsquo;int\u00e9r\u00eat : mentionnez vos passe-temps, vos passions ou les choses qui vous rendent unique.<\/li>\n\n\n\n<li>Restez concis : les biographies de Bumble sont limit\u00e9es \u00e0 300 caract\u00e8res, alors gardez votre description courte et pr\u00e9cise.<\/li>\n\n\n\n<li>Ajoutez une touche d&rsquo;humour : L&rsquo;humour peut vous aider \u00e0 briser la glace et \u00e0 vous d\u00e9marquer de la foule.<\/li>\n\n\n\n<li>Soyez positif : Concentrez-vous sur les aspects positifs de votre vie et sur ce que vous recherchez dans un match.<\/li>\n<\/ol>\n\n\n\n<p>Exemple&nbsp;: \u00ab\u00a0Gourmet et aventurier. Lecteur passionn\u00e9 et buveur de caf\u00e9. Je cherche quelqu&rsquo;un avec qui partager ma prochaine exp\u00e9rience culinaire ou de voyage.\u00a0\u00bb<\/p>\n\n\n\n<p><strong>Bumble conseils et invites<\/strong><\/p>\n\n\n\n<p>Voici quelques conseils pour les femmes sur Bumble&nbsp;:<\/p>\n\n\n\n<ol type=\"1\">\n<li>Ayez un profil solide : assurez-vous de mettre en valeur votre personnalit\u00e9, vos int\u00e9r\u00eats et ce que vous recherchez chez un partenaire \u00e0 travers vos photos et votre biographie.<\/li>\n\n\n\n<li>Soyez le premier \u00e0 faire un pas : Bumble donne aux femmes la possibilit\u00e9 de faire le premier pas, alors utilisez-le \u00e0 votre avantage et commencez une conversation avec quelqu&rsquo;un qui vous int\u00e9resse.<\/li>\n\n\n\n<li>Soyez confiant et ludique dans vos messages : Montrez votre personnalit\u00e9 et amusez-vous avec vos amorces de conversation. \u00c9vitez d&rsquo;\u00eatre trop agressif ou trop sexuel dans vos messages.<\/li>\n\n\n\n<li>Profitez de la fonctionnalit\u00e9 \u00ab\u00a0SuperSwipe\u00a0\u00bb: SuperSwipe est un moyen de montrer \u00e0 quelqu&rsquo;un que vous \u00eates vraiment int\u00e9ress\u00e9 par lui et cela augmente la probabilit\u00e9 qu&rsquo;il voie votre profil et corresponde avec vous.<\/li>\n\n\n\n<li>Tenez votre profil \u00e0 jour&nbsp;: la mise \u00e0 jour r\u00e9guli\u00e8re de votre profil, en particulier vos photos, peut vous aider \u00e0 rester en t\u00eate des listes de correspondances des personnes et \u00e0 augmenter vos chances de vous faire remarquer.<\/li>\n\n\n\n<li>Soyez ouvert d&rsquo;esprit : N&rsquo;ayez pas de crit\u00e8res trop stricts pour d\u00e9terminer avec qui vous voulez vous associer et soyez ouvert \u00e0 de nouvelles exp\u00e9riences et personnes.<\/li>\n\n\n\n<li>Restez en s\u00e9curit\u00e9 : Priorisez toujours votre s\u00e9curit\u00e9 et assurez-vous de rencontrer quelqu&rsquo;un dans un lieu public pour votre premier rendez-vous et faites savoir \u00e0 quelqu&rsquo;un o\u00f9 vous serez.<\/li>\n<\/ol>\n\n\n\n<p>Voici quelques invites Bumble populaires pour les femmes&nbsp;:<\/p>\n\n\n\n<ol type=\"1\">\n<li>\u00ab\u00a0Ma plus grande b\u00eate noire est&#8230;\u00a0\u00bb<\/li>\n\n\n\n<li>\u00ab\u00a0Je ne peux pas vivre sans mon&#8230;\u00a0\u00bb<\/li>\n\n\n\n<li>\u00ab\u00a0Une journ\u00e9e parfaite pour moi serait&#8230;\u00a0\u00bb<\/li>\n\n\n\n<li>\u00ab\u00a0Ma plus grande r\u00e9ussite est&#8230;\u00a0\u00bb<\/li>\n\n\n\n<li>\u00ab\u00a0Je suis le plus fier de&#8230;\u00a0\u00bb<\/li>\n\n\n\n<li>\u00ab\u00a0Un fait amusant \u00e0 mon sujet est&#8230;\u00a0\u00bb<\/li>\n\n\n\n<li>\u00ab\u00a0Mon premier rendez-vous id\u00e9al serait&#8230;\u00a0\u00bb<\/li>\n\n\n\n<li>\u00ab\u00a0Je suis une ventouse pour&#8230;\u00a0\u00bb<\/li>\n\n\n\n<li>\u00ab\u00a0Mon passe-temps pr\u00e9f\u00e9r\u00e9 est&#8230;\u00a0\u00bb<\/li>\n\n\n\n<li>\u00ab\u00a0Mon plaisir coupable est&#8230;\u00a0\u00bb<\/li>\n<\/ol>\n\n\n\n<p>N&rsquo;oubliez pas que les invites Bumble sont cens\u00e9es \u00eatre l\u00e9g\u00e8res et amusantes, alors passez un bon moment avec et montrez votre personnalit\u00e9&nbsp;!<\/p>\n","protected":false},"excerpt":{"rendered":"<p>Joconda est ravie de partager plus d&rsquo;informations sur l&rsquo;application Bumble et tout ce qu&rsquo;elle a \u00e0 offrir, de son interface intuitive \u00e0 ses fonctionnalit\u00e9s uniques.<\/p>\n","protected":false},"author":1,"featured_media":177,"parent":0,"menu_order":0,"comment_status":"closed","ping_status":"closed","template":"","meta":[],"_links":{"self":[{"href":"https:\/\/www.joconda.org\/fr\/wp-json\/wp\/v2\/pages\/5"}],"collection":[{"href":"https:\/\/www.joconda.org\/fr\/wp-json\/wp\/v2\/pages"}],"about":[{"href":"https:\/\/www.joconda.org\/fr\/wp-json\/wp\/v2\/types\/page"}],"author":[{"embeddable":true,"href":"https:\/\/www.joconda.org\/fr\/wp-json\/wp\/v2\/users\/1"}],"replies":[{"embeddable":true,"href":"https:\/\/www.joconda.org\/fr\/wp-json\/wp\/v2\/comments?post=5"}],"version-history":[{"count":2,"href":"https:\/\/www.joconda.org\/fr\/wp-json\/wp\/v2\/pages\/5\/revisions"}],"predecessor-version":[{"id":178,"href":"https:\/\/www.joconda.org\/fr\/wp-json\/wp\/v2\/pages\/5\/revisions\/178"}],"wp:featuredmedia":[{"embeddable":true,"href":"https:\/\/www.joconda.org\/fr\/wp-json\/wp\/v2\/media\/177"}],"wp:attachment":[{"href":"https:\/\/www.joconda.org\/fr\/wp-json\/wp\/v2\/media?parent=5"}],"curies":[{"name":"wp","href":"https:\/\/api.w.org\/{rel}","templated":true}]}}