{"id":47,"date":"2023-02-09T16:09:44","date_gmt":"2023-02-09T16:09:44","guid":{"rendered":"https:\/\/www.joconda.org\/fr\/?page_id=47"},"modified":"2023-02-24T09:10:13","modified_gmt":"2023-02-24T09:10:13","slug":"happn-pour-les-femmes-ca-marche-ou-pas","status":"publish","type":"page","link":"https:\/\/www.joconda.org\/fr\/happn-pour-les-femmes-ca-marche-ou-pas\/","title":{"rendered":"Happn pour les femmes\u00a0: \u00e7a marche ou pas"},"content":{"rendered":"\n<p><strong>Alors qu&rsquo;est-ce que Happn ?<\/strong><\/p>\n\n\n\n<p>Happn est une application de rencontres qui connecte les utilisateurs en fonction de leurs interactions r\u00e9elles. L&rsquo;application utilise une technologie bas\u00e9e sur la localisation pour vous montrer les profils des personnes que vous avez crois\u00e9es. Si vous vous aimez tous les deux, vous pouvez d\u00e9marrer une conversation et voir o\u00f9 cela m\u00e8ne. L&rsquo;id\u00e9e derri\u00e8re Happn est de ramener un peu de s\u00e9rendipit\u00e9 aux rencontres en aidant les utilisateurs \u00e0 se connecter avec des personnes qu&rsquo;ils n&rsquo;auraient peut-\u00eatre pas rencontr\u00e9es autrement. L&rsquo;application est disponible sur les plateformes iOS et Android.<\/p>\n\n\n\n<p>Happn n&rsquo;est pas exclusivement gratuit pour les femmes, mais plut\u00f4t gratuit pour tous les utilisateurs avec certaines limitations. Happn est une application freemium, ce qui signifie qu&rsquo;elle offre des fonctionnalit\u00e9s gratuites et payantes. Les fonctionnalit\u00e9s de base, telles que la cr\u00e9ation d&rsquo;un profil, la navigation d&rsquo;autres utilisateurs et l&rsquo;envoi de likes, sont disponibles gratuitement pour les hommes et les femmes. Cependant, certaines fonctionnalit\u00e9s avanc\u00e9es, telles que voir qui a aim\u00e9 votre profil ou avoir un nombre illimit\u00e9 de likes, n\u00e9cessitent un abonnement payant. La m\u00eame chose s&rsquo;applique aux hommes et aux femmes.<\/p>\n\n\n\n<p><strong>Comment Happn fonctionne pour les femmes<\/strong><\/p>\n\n\n\n<p>Happn fonctionne pour les femmes de la m\u00eame mani\u00e8re que pour les hommes. L&rsquo;application utilise une technologie bas\u00e9e sur la localisation pour montrer aux utilisateurs les profils des personnes qu&rsquo;ils ont crois\u00e9es. Les femmes peuvent cr\u00e9er un profil, parcourir d&rsquo;autres utilisateurs, envoyer des likes et recevoir des notifications lorsque quelqu&rsquo;un aime leur profil. Si deux utilisateurs s&rsquo;aiment, ils peuvent d\u00e9marrer une conversation et voir o\u00f9 cela va.<\/p>\n\n\n\n<p>L&rsquo;algorithme de mise en relation de l&rsquo;application prend en compte les int\u00e9r\u00eats mutuels des utilisateurs et le nombre de fois qu&rsquo;ils se sont crois\u00e9s pour sugg\u00e9rer des correspondances compatibles. Les femmes peuvent \u00e9galement utiliser les fonctionnalit\u00e9s avanc\u00e9es, comme voir qui a aim\u00e9 leur profil, en s&rsquo;abonnant \u00e0 la version payante de l&rsquo;application.<\/p>\n\n\n\n<p>Dans l&rsquo;ensemble, Happn offre aux femmes un moyen unique de se connecter avec des personnes qu&rsquo;elles n&rsquo;auraient peut-\u00eatre pas rencontr\u00e9es autrement et leur donne la possibilit\u00e9 de trouver des relations significatives ou des relations occasionnelles.<\/p>\n\n\n\n<p><strong>Fonctionnalit\u00e9s d&rsquo;appn<\/strong><\/p>\n\n\n\n<p>Voici quelques-unes des principales fonctionnalit\u00e9s de Happn, con\u00e7u pour aider les femmes \u00e0 trouver des liens significatifs bas\u00e9s sur des interactions r\u00e9elles&nbsp;:<\/p>\n\n\n\n<ol type=\"1\">\n<li>Chemins crois\u00e9s&nbsp;: l&rsquo;application utilise une technologie bas\u00e9e sur la localisation pour montrer aux utilisateurs les profils des personnes qu&rsquo;ils ont crois\u00e9es dans la vie r\u00e9elle.<\/li>\n\n\n\n<li>J&rsquo;aime&nbsp;: les utilisateurs peuvent envoyer des j&rsquo;aime pour montrer leur int\u00e9r\u00eat pour le profil de quelqu&rsquo;un. Si deux utilisateurs s&rsquo;aiment, ils peuvent d\u00e9marrer une conversation.<\/li>\n\n\n\n<li>Conversation&nbsp;: les utilisateurs peuvent d\u00e9marrer une conversation avec des personnes qu&rsquo;ils ont aim\u00e9es et qu&rsquo;ils ont aim\u00e9es en retour. Ils peuvent \u00e9changer des messages et apprendre \u00e0 se conna\u00eetre.<\/li>\n\n\n\n<li>Coups de c\u0153ur&nbsp;: les utilisateurs peuvent ajouter des personnes \u00e0 leur liste de coups de c\u0153ur s&rsquo;ils veulent garder un \u0153il sur leurs profils et voir quand ils se croisent \u00e0 nouveau.<\/li>\n\n\n\n<li>Voyez qui vous a aim\u00e9 : La version payante de l&rsquo;application permet aux utilisateurs de voir qui a aim\u00e9 leur profil.<\/li>\n\n\n\n<li>Likes illimit\u00e9s : Avec un abonnement payant, les utilisateurs peuvent envoyer un nombre illimit\u00e9 de likes.<\/li>\n\n\n\n<li>Contr\u00f4le de la visibilit\u00e9 du profil&nbsp;: les utilisateurs peuvent contr\u00f4ler la visibilit\u00e9 de leur profil et choisir de n&rsquo;\u00eatre visibles que par les personnes qu&rsquo;ils ont aim\u00e9es.<\/li>\n<\/ol>\n\n\n\n<p><strong>Cr\u00e9er un profil Happn pour les femmes<\/strong><\/p>\n\n\n\n<p>Cr\u00e9er un bon profil sur Happn peut augmenter les chances d&rsquo;attirer des correspondances potentielles et de trouver la bonne personne. Voici quelques conseils pour les femmes sur la cr\u00e9ation d&rsquo;un profil fort sur Happn&nbsp;:<\/p>\n\n\n\n<ol type=\"1\">\n<li>Ajoutez une photo de profil claire et r\u00e9cente&nbsp;: utilisez une photo claire et r\u00e9cente de vous-m\u00eame comme photo de profil. Il devrait montrer votre visage et donner une bonne repr\u00e9sentation de ce \u00e0 quoi vous ressemblez.<\/li>\n\n\n\n<li>R\u00e9digez une biographie convaincante : r\u00e9digez une br\u00e8ve biographie qui met en \u00e9vidence votre personnalit\u00e9, vos centres d&rsquo;int\u00e9r\u00eat et ce que vous recherchez. Restez positif et \u00e9vitez d&rsquo;\u00eatre trop n\u00e9gatif.<\/li>\n\n\n\n<li>Soyez honn\u00eate : Soyez honn\u00eate au sujet de vos centres d&rsquo;int\u00e9r\u00eat, de vos passe-temps et de ce que vous recherchez chez un partenaire. Cela vous aidera \u00e0 attirer le bon type de personnes et \u00e0 \u00e9viter de perdre du temps avec des personnes qui ne vous correspondent pas.<\/li>\n\n\n\n<li>Mettez en avant vos centres d&rsquo;int\u00e9r\u00eat : Mentionnez vos hobbies et centres d&rsquo;int\u00e9r\u00eat dans votre profil. Cela peut aider les partenaires potentiels \u00e0 mieux vous conna\u00eetre et \u00e0 entamer une conversation.<\/li>\n\n\n\n<li>Maintenez votre profil \u00e0 jour&nbsp;: mettez r\u00e9guli\u00e8rement \u00e0 jour votre profil pour qu&rsquo;il reste \u00e0 jour et pertinent. Cela montrera \u00e9galement que vous \u00eates actif sur l&rsquo;application et s\u00e9rieux au sujet de trouver une correspondance.<\/li>\n<\/ol>\n\n\n\n<p>Une biographie bien r\u00e9dig\u00e9e peut aider une femme \u00e0 se d\u00e9marquer des autres profils et donner aux correspondances potentielles une meilleure id\u00e9e de qui elle est et de ce qu&rsquo;elle recherche. Cela peut \u00e9galement aider \u00e0 d\u00e9clencher une conversation et \u00e0 cr\u00e9er une connexion avec quelqu&rsquo;un qui a des int\u00e9r\u00eats similaires.<\/p>\n\n\n\n<p>Voici un exemple de bonne bio pour une femme sur Happn :<\/p>\n\n\n\n<p>\u00ab\u00a0Salut&nbsp;! Je suis un amoureux des chiens, un accro au caf\u00e9 et un passionn\u00e9 de voyages. Je suis toujours partant pour une bonne aventure et essayer de nouvelles choses. Je recherche quelqu&rsquo;un qui partage mon amour de l&rsquo;aventure et qui est ouvert \u00e0 l&rsquo;exploration de nouvelles des lieux et des exp\u00e9riences ensemble. Des points bonus si vous \u00eates fan de sushis et de randonn\u00e9es. Discutons et voyons o\u00f9 les choses vont&nbsp;!\u00a0\u00bb<\/p>\n\n\n\n<p>Cette biographie donne une bonne repr\u00e9sentation de la personnalit\u00e9 et des int\u00e9r\u00eats de la femme, tout en indiquant ce qu&rsquo;elle recherche chez un partenaire. C&rsquo;est positif, bref et met en valeur ses traits uniques, ce qui la distingue des autres profils.<\/p>\n\n\n\n<p>Une mauvaise bio pour une femme sur Happn peut d\u00e9sactiver les correspondances potentielles et r\u00e9duire les chances de trouver une connexion. Voici quelques exemples de mauvais bios :<\/p>\n\n\n\n<ol type=\"1\">\n<li>N\u00e9gatif ou trop critique&nbsp;: \u00e9vitez d&rsquo;\u00e9crire une biographie n\u00e9gative ou trop critique. Par exemple, \u00ab\u00a0j&rsquo;en ai marre de balayer vers la gauche, je veux quelqu&rsquo;un qui ne cherche pas seulement une connexion\u00a0\u00bb. Ce type de bio peut sembler amer ou inaccessible.<\/li>\n\n\n\n<li>Trop d&rsquo;informations&nbsp;: \u00e9vitez d&rsquo;\u00e9crire une biographie longue et d\u00e9taill\u00e9e qui contient trop d&rsquo;informations personnelles. Cela peut \u00eatre \u00e9crasant et donner l&rsquo;impression que les partenaires potentiels ne savent pas par o\u00f9 commencer.<\/li>\n\n\n\n<li>Vague ou g\u00e9n\u00e9rique : \u00e9vitez d&rsquo;\u00e9crire une biographie vague ou g\u00e9n\u00e9rique qui ne donne aucun aper\u00e7u r\u00e9el de qui vous \u00eates. Par exemple, \u00ab\u00a0Je cherche juste quelqu&rsquo;un d&rsquo;honn\u00eate et digne de confiance\u00a0\u00bb. Ce type de biographie n&rsquo;est pas original et ne donne pas grand-chose aux correspondances potentielles.<\/li>\n\n\n\n<li>Inappropri\u00e9 ou offensant&nbsp;: \u00e9vitez d&rsquo;\u00e9crire une biographie inappropri\u00e9e ou offensante. Cela peut \u00eatre une d\u00e9sactivation majeure et peut vous faire bannir de l&rsquo;application.<\/li>\n<\/ol>\n\n\n\n<p>Vous pouvez int\u00e9grer les invites d&rsquo;\u00e9criture suivantes dans votre profil pour le rendre plus attrayant&nbsp;:<\/p>\n\n\n\n<ol type=\"1\">\n<li>Mettez en avant vos centres d&rsquo;int\u00e9r\u00eat : Qu&rsquo;aimez-vous faire pendant votre temps libre ? Quels sont vos hobbies et vos passions ?<\/li>\n\n\n\n<li>Parlez de vos destinations de voyage pr\u00e9f\u00e9r\u00e9es&nbsp;: o\u00f9 avez-vous \u00e9t\u00e9 et o\u00f9 aimeriez-vous aller&nbsp;?<\/li>\n\n\n\n<li>Partagez vos objectifs et vos aspirations&nbsp;: vers quoi travaillez-vous et qu&rsquo;esp\u00e9rez-vous accomplir \u00e0 l&rsquo;avenir&nbsp;?<\/li>\n\n\n\n<li>D\u00e9crivez votre rendez-vous id\u00e9al&nbsp;: quel serait votre rendez-vous id\u00e9al et avec quel type de personne aimeriez-vous le passer&nbsp;?<\/li>\n\n\n\n<li>Partagez un fait amusant ou d\u00e9cal\u00e9 sur vous-m\u00eame&nbsp;: qu&rsquo;est-ce qui vous rend unique et vous distingue des autres&nbsp;?<\/li>\n\n\n\n<li>\u00c9crivez sur votre nourriture et votre boisson pr\u00e9f\u00e9r\u00e9es&nbsp;: qu&rsquo;aimez-vous manger et boire et o\u00f9 aimeriez-vous aller pour un repas&nbsp;?<\/li>\n\n\n\n<li>Mentionnez vos livres, films et musiques pr\u00e9f\u00e9r\u00e9s&nbsp;: qu&rsquo;aimez-vous lire, regarder et \u00e9couter&nbsp;?<\/li>\n\n\n\n<li>Parlez de vos animaux de compagnie&nbsp;: avez-vous des animaux de compagnie et que signifient-ils pour vous&nbsp;?<\/li>\n<\/ol>\n\n\n\n<p><strong>Happn avantages et inconv\u00e9nients pour les femmes<\/strong><\/p>\n\n\n\n<p>En utilisant Happn, les femmes peuvent b\u00e9n\u00e9ficier d&rsquo;une exposition accrue \u00e0 des correspondances potentielles, un moyen plus pratique et plus confidentiel de se connecter avec les autres. Voici quelques avantages pour les femmes :<\/p>\n\n\n\n<ol type=\"1\">\n<li>Exposition accrue&nbsp;: Happn peut augmenter l&rsquo;exposition d&rsquo;une femme \u00e0 des correspondances potentielles en montrant ses profils de personnes qu&rsquo;elle a crois\u00e9es dans la vie r\u00e9elle.<\/li>\n\n\n\n<li>Pratique : Happn permet aux femmes de se connecter avec des personnes qu&rsquo;elles ont peut-\u00eatre d\u00e9j\u00e0 rencontr\u00e9es dans leur vie quotidienne, ce qui en fait un moyen pratique de rencontrer de nouvelles personnes.<\/li>\n\n\n\n<li>Contr\u00f4le de la vie priv\u00e9e&nbsp;: les femmes contr\u00f4lent leur vie priv\u00e9e sur Happn et peuvent choisir avec qui elles veulent se connecter.<\/li>\n\n\n\n<li>Pas besoin de balayer&nbsp;: contrairement \u00e0 d&rsquo;autres applications de rencontres, Happn n&rsquo;exige pas que les femmes balayent constamment d&rsquo;innombrables profils. Au lieu de cela, ils peuvent simplement v\u00e9rifier leur application et voir s&rsquo;ils ont crois\u00e9 quelqu&rsquo;un avec qui ils aimeraient se connecter.<\/li>\n\n\n\n<li>Des correspondances de meilleure qualit\u00e9 : Happn utilise un algorithme unique qui correspond aux personnes en fonction de leurs interactions r\u00e9elles, ce qui peut conduire \u00e0 des correspondances de meilleure qualit\u00e9.<\/li>\n<\/ol>\n\n\n\n<p>Cependant, il existe certains inconv\u00e9nients pour les femmes utilisant Happn&nbsp;:<\/p>\n\n\n\n<ol type=\"1\">\n<li>Bas\u00e9 sur la localisation : Happn est une application bas\u00e9e sur la localisation, ce qui signifie qu&rsquo;elle peut ne pas \u00eatre efficace pour les femmes qui vivent dans des zones \u00e0 faible utilisation.<\/li>\n\n\n\n<li>Groupe limit\u00e9 de correspondances&nbsp;: selon l&rsquo;endroit o\u00f9 vit une femme et la fr\u00e9quence \u00e0 laquelle elle croise d&rsquo;autres utilisateurs, son groupe de correspondances potentielles peut \u00eatre limit\u00e9.<\/li>\n\n\n\n<li>Probl\u00e8mes de confidentialit\u00e9&nbsp;: certaines femmes peuvent avoir des inqui\u00e9tudes concernant leur vie priv\u00e9e lorsqu&rsquo;elles utilisent une application g\u00e9olocalis\u00e9e comme Happn.<\/li>\n\n\n\n<li>Messages non sollicit\u00e9s&nbsp;: les femmes peuvent recevoir des messages non sollicit\u00e9s de personnes qu&rsquo;elles n&rsquo;ont pas crois\u00e9es ou pour lesquelles elles n&rsquo;ont pas exprim\u00e9 d&rsquo;int\u00e9r\u00eat.<\/li>\n\n\n\n<li>Potentiel d&rsquo;incompatibilit\u00e9 : bien que Happn utilise un algorithme unique pour faire correspondre les personnes en fonction d&rsquo;interactions r\u00e9elles, il y a toujours une chance qu&rsquo;une correspondance ne soit pas un bon ajustement.<\/li>\n<\/ol>\n\n\n\n<p><strong>Pour r\u00e9sumer<\/strong><\/p>\n\n\n\n<p>Les femmes peuvent tirer le meilleur parti de leur exp\u00e9rience sur Happn et augmenter leurs chances de trouver un match compatible en suivant ces conseils :<\/p>\n\n\n\n<ol type=\"1\">\n<li>Optimisez votre profil&nbsp;: assurez-vous que votre profil est complet et \u00e0 jour, et incluez une photo de profil claire et attrayante.<\/li>\n\n\n\n<li>Soyez s\u00e9lectif : ne vous sentez pas oblig\u00e9 de vous connecter avec tous ceux qui croisent votre chemin. Soyez s\u00e9lectif et ne communiquez qu&rsquo;avec les personnes qui vous int\u00e9ressent.<\/li>\n\n\n\n<li>Utilisez la fonctionnalit\u00e9 \u00ab\u00a0Charms\u00a0\u00bb \u00e0 bon escient&nbsp;: Happn propose une fonctionnalit\u00e9 \u00ab\u00a0Charms\u00a0\u00bb qui vous permet d&rsquo;envoyer un message \u00e0 quelqu&rsquo;un que vous avez crois\u00e9, mais faites attention aux personnes \u00e0 qui vous envoyez des Charms, car cela peut appara\u00eetre comme agressif ou d\u00e9sesp\u00e9r\u00e9.<\/li>\n\n\n\n<li>Gardez-le l\u00e9ger : Lorsque vous envoyez des messages, gardez le ton l\u00e9ger et conversationnel. \u00c9vitez d&rsquo;\u00eatre trop s\u00e9rieux ou de faire des demandes.<\/li>\n\n\n\n<li>Allez-y doucement : Happn n&rsquo;est qu&rsquo;un moyen parmi d&rsquo;autres de rencontrer des gens. Ne vous sentez pas oblig\u00e9 d&rsquo;aller trop vite. Prenez votre temps pour apprendre \u00e0 conna\u00eetre quelqu&rsquo;un et voyez s&rsquo;il existe une r\u00e9elle connexion avant de prendre de grandes d\u00e9cisions.<\/li>\n<\/ol>\n\n\n\n<p>Certaines femmes peuvent ne pas aimer utiliser Happn pour certaines raisons&nbsp;:<\/p>\n\n\n\n<ol type=\"1\">\n<li>Probl\u00e8mes de confidentialit\u00e9&nbsp;: Happn est une application bas\u00e9e sur la localisation, ce qui signifie qu&rsquo;elle utilise vos donn\u00e9es de localisation pour vous montrer d&rsquo;autres utilisateurs qui se trouvent \u00e0 proximit\u00e9. Certaines femmes peuvent \u00eatre pr\u00e9occup\u00e9es par la confidentialit\u00e9 et ne pas vouloir que leur emplacement soit suivi.<\/li>\n\n\n\n<li>Recevoir des messages ind\u00e9sirables&nbsp;: certaines femmes peuvent recevoir des messages ind\u00e9sirables d&rsquo;utilisateurs qui ne les int\u00e9ressent pas, ce qui peut \u00eatre ennuyeux et effrayant.<\/li>\n\n\n\n<li>\u00catre jumel\u00e9 avec des personnes qu&rsquo;ils connaissent d\u00e9j\u00e0 : Happn vous montre les utilisateurs avec lesquels vous avez crois\u00e9, ce qui signifie que vous pourriez finir par \u00eatre jumel\u00e9 avec des personnes que vous connaissez d\u00e9j\u00e0, comme des coll\u00e8gues ou des connaissances.<\/li>\n\n\n\n<li>\u00catre approch\u00e9e par des personnes qui ne les int\u00e9ressent pas&nbsp;: Parce que Happn est bas\u00e9 sur la localisation, les femmes peuvent \u00eatre approch\u00e9es par des personnes qui ne les int\u00e9ressent pas simplement parce qu&rsquo;elles les ont crois\u00e9es.<\/li>\n\n\n\n<li>Se sentir d\u00e9pass\u00e9 : Happn est une application au rythme rapide et certaines femmes peuvent trouver \u00e9crasante d&rsquo;avoir autant de correspondances potentielles en si peu de temps.<\/li>\n<\/ol>\n\n\n\n<p>D&rsquo;autres femmes peuvent vivre une exp\u00e9rience positive et y trouver un outil utile pour rencontrer de nouvelles personnes. Il est important de peser le pour et le contre et de d\u00e9terminer si c&rsquo;est la bonne application pour vous.<\/p>\n","protected":false},"excerpt":{"rendered":"<p>Plongeons-nous et d\u00e9couvrons comment l&rsquo;appli de rencontres Happn peuvent fonctionner pour les filles.<\/p>\n","protected":false},"author":1,"featured_media":196,"parent":0,"menu_order":0,"comment_status":"closed","ping_status":"closed","template":"","meta":[],"_links":{"self":[{"href":"https:\/\/www.joconda.org\/fr\/wp-json\/wp\/v2\/pages\/47"}],"collection":[{"href":"https:\/\/www.joconda.org\/fr\/wp-json\/wp\/v2\/pages"}],"about":[{"href":"https:\/\/www.joconda.org\/fr\/wp-json\/wp\/v2\/types\/page"}],"author":[{"embeddable":true,"href":"https:\/\/www.joconda.org\/fr\/wp-json\/wp\/v2\/users\/1"}],"replies":[{"embeddable":true,"href":"https:\/\/www.joconda.org\/fr\/wp-json\/wp\/v2\/comments?post=47"}],"version-history":[{"count":3,"href":"https:\/\/www.joconda.org\/fr\/wp-json\/wp\/v2\/pages\/47\/revisions"}],"predecessor-version":[{"id":195,"href":"https:\/\/www.joconda.org\/fr\/wp-json\/wp\/v2\/pages\/47\/revisions\/195"}],"wp:featuredmedia":[{"embeddable":true,"href":"https:\/\/www.joconda.org\/fr\/wp-json\/wp\/v2\/media\/196"}],"wp:attachment":[{"href":"https:\/\/www.joconda.org\/fr\/wp-json\/wp\/v2\/media?parent=47"}],"curies":[{"name":"wp","href":"https:\/\/api.w.org\/{rel}","templated":true}]}}