{"id":37,"date":"2023-02-09T16:05:59","date_gmt":"2023-02-09T16:05:59","guid":{"rendered":"https:\/\/www.joconda.org\/fr\/?page_id=37"},"modified":"2023-02-24T08:53:14","modified_gmt":"2023-02-24T08:53:14","slug":"comment-hinge-fonctionne-pour-les-femmes","status":"publish","type":"page","link":"https:\/\/www.joconda.org\/fr\/comment-hinge-fonctionne-pour-les-femmes\/","title":{"rendered":"Comment Hinge fonctionne pour les femmes"},"content":{"rendered":"\n<p><strong>Introduction<\/strong><\/p>\n\n\n\n<p>Hinge est une application de rencontres qui a \u00e9t\u00e9 lanc\u00e9e en 2012. Elle est con\u00e7ue pour \u00eatre une alternative plus ax\u00e9e sur les relations aux applications de rencontres populaires bas\u00e9es sur le balayage. L&rsquo;application vise \u00e0 faciliter les connexions significatives entre les utilisateurs en leur pr\u00e9sentant une s\u00e9lection organis\u00e9e de correspondances potentielles et en les invitant \u00e0 engager une conversation \u00e0 travers une s\u00e9rie d&rsquo;invites et de questions.<\/p>\n\n\n\n<p>Hinge a un mod\u00e8le freemium, ce qui signifie que certaines fonctionnalit\u00e9s de l&rsquo;application sont disponibles gratuitement, tandis que d&rsquo;autres n\u00e9cessitent un abonnement payant. Les hommes et les femmes peuvent utiliser la version gratuite de l&rsquo;application, mais les femmes peuvent avoir acc\u00e8s \u00e0 certaines fonctionnalit\u00e9s premium sans frais. Cependant, cela d\u00e9pendra des promotions ou offres sp\u00e9cifiques disponibles dans votre r\u00e9gion \u00e0 un moment donn\u00e9. Consultez le site Web de Hinge ou contactez leur service client pour obtenir les informations les plus r\u00e9centes sur leurs prix et leur disponibilit\u00e9.<\/p>\n\n\n\n<p><strong>Fonctionnalit\u00e9 de Hinge<\/strong><\/p>\n\n\n\n<p>Hinge fonctionne de la m\u00eame mani\u00e8re pour les femmes que pour les hommes. Lors de la cr\u00e9ation d&rsquo;un compte et de la cr\u00e9ation d&rsquo;un profil, l&rsquo;application pr\u00e9sentera aux femmes une s\u00e9lection organis\u00e9e de correspondances potentielles, en fonction de leurs pr\u00e9f\u00e9rences et des informations qu&rsquo;elles ont fournies. Ils peuvent alors aimer, commenter ou transmettre ces profils. Si deux utilisateurs aiment les profils de l&rsquo;autre, ils sont consid\u00e9r\u00e9s comme correspondants et peuvent commencer \u00e0 \u00e9changer des messages.<\/p>\n\n\n\n<p>Tout comme les hommes, les femmes peuvent utiliser la version gratuite de l&rsquo;application pour parcourir les correspondances potentielles et recevoir des correspondances, mais avec des fonctionnalit\u00e9s limit\u00e9es. Ils peuvent \u00e9galement choisir de passer \u00e0 un abonnement payant pour acc\u00e9der \u00e0 des fonctionnalit\u00e9s suppl\u00e9mentaires, telles que la possibilit\u00e9 de voir qui a aim\u00e9 leur profil, des correspondances illimit\u00e9es, etc.<\/p>\n\n\n\n<p>Hinge dispose d&rsquo;une gamme de fonctionnalit\u00e9s pour aider les utilisateurs \u00e0 se connecter avec les autres. Certaines de ses principales caract\u00e9ristiques comprennent :<\/p>\n\n\n\n<ol type=\"1\">\n<li>Cr\u00e9ation de profil : les utilisateurs peuvent cr\u00e9er un profil d\u00e9taill\u00e9 qui comprend des informations sur leurs int\u00e9r\u00eats, leur personnalit\u00e9 et leurs pr\u00e9f\u00e9rences, ainsi que des photos.<\/li>\n\n\n\n<li>Matchmaking : Hinge utilise un algorithme de s\u00e9lection organis\u00e9 pour pr\u00e9senter aux utilisateurs des correspondances potentielles, en fonction de leurs pr\u00e9f\u00e9rences et des informations qu&rsquo;ils ont fournies.<\/li>\n\n\n\n<li>Invites de conversation&nbsp;: l&rsquo;application fournit aux utilisateurs des invites de conversation pour les aider \u00e0 initier des conversations et \u00e0 mieux conna\u00eetre leurs correspondances.<\/li>\n\n\n\n<li>Aimer et commenter : les utilisateurs peuvent aimer ou commenter les correspondances potentielles pour indiquer leur int\u00e9r\u00eat, et si deux utilisateurs s&rsquo;aiment, ils sont consid\u00e9r\u00e9s comme une correspondance et peuvent commencer \u00e0 \u00e9changer des messages.<\/li>\n\n\n\n<li>Messagerie : Une fois que les utilisateurs correspondent, ils peuvent s&rsquo;envoyer des messages et mieux se conna\u00eetre.<\/li>\n\n\n\n<li>Fonctionnalit\u00e9s Premium&nbsp;: les utilisateurs peuvent passer \u00e0 un abonnement payant pour acc\u00e9der \u00e0 des fonctionnalit\u00e9s suppl\u00e9mentaires, telles que la possibilit\u00e9 de voir qui a aim\u00e9 leur profil, d&rsquo;avoir des correspondances illimit\u00e9es, etc.<\/li>\n<\/ol>\n\n\n\n<p><strong>Avantages et inconv\u00e9nients de Hinge pour les femmes<\/strong><\/p>\n\n\n\n<p>Hinge pr\u00e9sente plusieurs avantages pour les femmes, notamment :<\/p>\n\n\n\n<ol type=\"1\">\n<li>Concentrez-vous sur les relations&nbsp;: Hinge est con\u00e7u pour \u00eatre une alternative plus ax\u00e9e sur les relations aux applications de rencontres bas\u00e9es sur le balayage, de sorte que les femmes peuvent trouver qu&rsquo;elle est plus adapt\u00e9e \u00e0 leurs besoins si elles recherchent des relations significatives et des relations potentiellement \u00e0 long terme.<\/li>\n\n\n\n<li>S\u00fbret\u00e9 et s\u00e9curit\u00e9 : Hinge a mis en place diverses mesures de s\u00fbret\u00e9 et de s\u00e9curit\u00e9 pour prot\u00e9ger ses utilisateurs, y compris des outils de v\u00e9rification de profil, de signalement et de blocage, et une \u00e9quipe de mod\u00e9rateurs qui examinent tous les profils et activit\u00e9s sur l&rsquo;application.<\/li>\n\n\n\n<li>Profils d\u00e9taill\u00e9s&nbsp;: les femmes peuvent cr\u00e9er des profils d\u00e9taill\u00e9s qui incluent des informations sur leurs int\u00e9r\u00eats, leur personnalit\u00e9 et leurs pr\u00e9f\u00e9rences, ce qui peut les aider \u00e0 attirer des correspondances plus compatibles.<\/li>\n\n\n\n<li>Correspondances de qualit\u00e9&nbsp;: l&rsquo;algorithme de s\u00e9lection organis\u00e9 par Hinge est con\u00e7u pour pr\u00e9senter aux utilisateurs des correspondances compatibles de haute qualit\u00e9, plut\u00f4t qu&rsquo;un simple flux apparemment sans fin de profils \u00e0 parcourir.<\/li>\n\n\n\n<li>Invites de conversation&nbsp;: l&rsquo;application fournit des invites de conversation pour aider les utilisateurs \u00e0 initier des conversations et \u00e0 mieux se conna\u00eetre, ce qui peut aider \u00e0 r\u00e9duire la pression de d\u00e9marrer des conversations \u00e0 partir de z\u00e9ro.<\/li>\n<\/ol>\n\n\n\n<p>Cependant, certaines femmes peuvent ne pas aimer utiliser l&rsquo;application Hinge pour certaines raisons&nbsp;:<\/p>\n\n\n\n<ol type=\"1\">\n<li>Harc\u00e8lement&nbsp;: comme pour toute plateforme en ligne, il existe un risque de rencontrer des personnes qui n&rsquo;ont peut-\u00eatre pas les meilleures intentions sur Hinge, ce qui peut entra\u00eener des cas de harc\u00e8lement ou des messages non sollicit\u00e9s de la part d&rsquo;hommes.<\/li>\n\n\n\n<li>Options limit\u00e9es&nbsp;: certaines femmes peuvent trouver que le bassin de correspondances potentielles sur Hinge est limit\u00e9 dans leur r\u00e9gion, ce qui rend difficile la recherche de partenaires compatibles.<\/li>\n\n\n\n<li>Qualit\u00e9 des correspondances&nbsp;: certaines femmes peuvent avoir l&rsquo;impression que la qualit\u00e9 des correspondances qu&rsquo;elles re\u00e7oivent sur Hinge est inf\u00e9rieure \u00e0 celle d&rsquo;autres applications de rencontres, ce qui peut \u00eatre frustrant.<\/li>\n<\/ol>\n\n\n\n<p>Il est important de noter que ces inconv\u00e9nients ne sont pas propres \u00e0 Hinge et sont communs \u00e0 de nombreuses applications de rencontres.<\/p>\n\n\n\n<p><strong>Cr\u00e9er votre profil et votre biographie Hinge<\/strong><\/p>\n\n\n\n<p>Un bon profil sur Hinge pour femmes est celui qui montre efficacement qui vous \u00eates et ce que vous recherchez. Voici quelques \u00e9l\u00e9ments qui peuvent contribuer \u00e0 la r\u00e9ussite d&rsquo;un profil&nbsp;:<\/p>\n\n\n\n<ol type=\"1\">\n<li>Photos de haute qualit\u00e9 : choisissez des photos bien \u00e9clair\u00e9es et mettez en valeur vos centres d&rsquo;int\u00e9r\u00eat, votre personnalit\u00e9 et votre apparence physique. Envisagez d&rsquo;inclure un m\u00e9lange de photos en solo et de photos avec des amis ou de faire des activit\u00e9s que vous aimez.<\/li>\n\n\n\n<li>Biographie descriptive et engageante&nbsp;: r\u00e9digez une biographie descriptive et r\u00e9fl\u00e9chie qui donne aux correspondances potentielles une id\u00e9e de qui vous \u00eates et de ce que vous recherchez. Utilisez l&rsquo;humour, des int\u00e9r\u00eats uniques et des anecdotes personnelles pour faire ressortir votre profil.<\/li>\n\n\n\n<li>Honn\u00eate et authentique : Soyez honn\u00eate \u00e0 propos de vos centres d&rsquo;int\u00e9r\u00eat, de vos habitudes et de ce que vous recherchez dans une relation. Cela aidera \u00e0 attirer les bons matchs et \u00e0 \u00e9viter de perdre du temps avec des partenaires incompatibles.<\/li>\n\n\n\n<li>Pr\u00e9sentez votre personnalit\u00e9&nbsp;: utilisez les invites fournies par Hinge pour donner aux correspondances potentielles une id\u00e9e de votre personnalit\u00e9, de vos valeurs et de votre sens de l&rsquo;humour.<\/li>\n\n\n\n<li>Engagez-vous avec des correspondances&nbsp;: r\u00e9pondez aux messages et engagez des conversations avec des correspondances potentielles pour \u00e9tablir une connexion et voir s&rsquo;il existe un potentiel pour une relation.<\/li>\n<\/ol>\n\n\n\n<p>Lors de la cr\u00e9ation de votre profil sur Hinge&nbsp;:<\/p>\n\n\n\n<ol type=\"1\">\n<li>Soyez concis&nbsp;: la limite de caract\u00e8res de Hinge pour les bios est limit\u00e9e, il est donc important d&rsquo;\u00eatre concis tout en incluant suffisamment d&rsquo;informations pour donner aux correspondances potentielles une id\u00e9e de qui vous \u00eates.<\/li>\n\n\n\n<li>Pr\u00e9sentez votre personnalit\u00e9&nbsp;: utilisez votre biographie pour pr\u00e9senter votre personnalit\u00e9, vos valeurs et vos int\u00e9r\u00eats. Utilisez l&rsquo;humour, des int\u00e9r\u00eats uniques et des anecdotes personnelles pour faire ressortir votre profil.<\/li>\n\n\n\n<li>Soyez pr\u00e9cis : Au lieu d&rsquo;utiliser des termes g\u00e9n\u00e9riques ou des clich\u00e9s, essayez d&rsquo;\u00eatre pr\u00e9cis sur ce que vous recherchez dans une relation et sur ce que vous apportez \u00e0 la table.<\/li>\n\n\n\n<li>Utilisez les invites&nbsp;: utilisez les invites de Hinge pour donner aux correspondances potentielles une id\u00e9e de votre personnalit\u00e9, de vos valeurs et de votre sens de l&rsquo;humour.<\/li>\n\n\n\n<li>Restez positif : Concentrez-vous sur les aspects positifs de vous-m\u00eame et de votre vie et \u00e9vitez les sujets n\u00e9gatifs ou controvers\u00e9s.<\/li>\n<\/ol>\n\n\n\n<p>Vous pouvez utiliser des invites pour donner aux correspondances potentielles une id\u00e9e de qui vous \u00eates et de ce qui vous int\u00e9resse. Voici quelques invites populaires chez les femmes&nbsp;:<\/p>\n\n\n\n<ol type=\"1\">\n<li>\u00ab\u00a0Quelque chose pour lequel je suis bon\u00a0\u00bb<\/li>\n\n\n\n<li>\u00ab\u00a0Ce que je pr\u00e9f\u00e8re \u00e0 propos de [la ville dans laquelle tu vis]\u00a0\u00bb<\/li>\n\n\n\n<li>\u00ab\u00a0Un livre\/film\/\u00e9mission qui m&rsquo;a r\u00e9cemment fait pleurer\u00a0\u00bb<\/li>\n\n\n\n<li>\u00ab\u00a0Un souvenir d&rsquo;enfance\u00a0\u00bb<\/li>\n\n\n\n<li>\u00ab\u00a0Une histoire amusante de mes voyages\u00a0\u00bb<\/li>\n\n\n\n<li>\u00ab\u00a0Un acte de gentillesse au hasard que j&rsquo;ai v\u00e9cu ou dont j&rsquo;ai \u00e9t\u00e9 t\u00e9moin\u00a0\u00bb<\/li>\n\n\n\n<li>\u00ab\u00a0Un talent ou un passe-temps que j&rsquo;ai\u00a0\u00bb<\/li>\n\n\n\n<li>\u00ab\u00a0Une cause qui me passionne\u00a0\u00bb<\/li>\n\n\n\n<li>\u00ab\u00a0Une qualit\u00e9 unique que j&rsquo;apporte \u00e0 une relation\u00a0\u00bb<\/li>\n\n\n\n<li>\u00ab\u00a0Quelque chose que j&rsquo;ai toujours voulu essayer\u00a0\u00bb<\/li>\n<\/ol>\n\n\n\n<p><strong>R\u00e9sum\u00e9<\/strong><\/p>\n\n\n\n<p>Pour r\u00e9sumer les conseils qui peuvent aider les femmes \u00e0 vivre une exp\u00e9rience r\u00e9ussie sur Hinge&nbsp;:<\/p>\n\n\n\n<ol type=\"1\">\n<li>Soyez honn\u00eate : Soyez honn\u00eate \u00e0 propos de vos centres d&rsquo;int\u00e9r\u00eat, de vos habitudes et de ce que vous recherchez dans une relation. Cela vous aidera \u00e0 attirer les bons matchs et \u00e0 \u00e9viter de perdre du temps avec des partenaires incompatibles.<\/li>\n\n\n\n<li>Ayez une photo de profil claire : utilisez des photos de haute qualit\u00e9 qui sont bien \u00e9clair\u00e9es et qui mettent en valeur votre personnalit\u00e9 et votre apparence physique.<\/li>\n\n\n\n<li>Engagez-vous avec des correspondances potentielles&nbsp;: r\u00e9pondez aux messages et engagez des conversations avec des correspondances potentielles pour \u00e9tablir une connexion et voir s&rsquo;il existe un potentiel pour une relation.<\/li>\n\n\n\n<li>Pr\u00e9sentez votre personnalit\u00e9&nbsp;: utilisez les invites fournies par Hinge pour donner aux correspondances potentielles une id\u00e9e de votre personnalit\u00e9, de vos valeurs et de votre sens de l&rsquo;humour.<\/li>\n\n\n\n<li>Prenez le temps de r\u00e9diger une bonne biographie&nbsp;: r\u00e9digez une biographie descriptive et r\u00e9fl\u00e9chie qui donne aux correspondances potentielles une id\u00e9e de qui vous \u00eates et de ce que vous recherchez.<\/li>\n\n\n\n<li>Soyez prudent : lorsque vous utilisez Hinge ou toute application de rencontre, il est important de rester en s\u00e9curit\u00e9 en utilisant des mots de passe s\u00e9curis\u00e9s, en rencontrant des correspondances potentielles dans des lieux publics et en faisant confiance \u00e0 votre instinct.<\/li>\n<\/ol>\n\n\n\n<p>Essayez d&rsquo;\u00e9viter sur Hinge&nbsp;:<\/p>\n\n\n\n<ol type=\"1\">\n<li>Utilisation de photos trompeuses ou obsol\u00e8tes : Il est important d&rsquo;utiliser des photos r\u00e9centes et de haute qualit\u00e9 qui refl\u00e8tent fid\u00e8lement votre apparence.<\/li>\n\n\n\n<li>\u00catre n\u00e9gatif ou controvers\u00e9&nbsp;: \u00e9vitez d&rsquo;utiliser un langage n\u00e9gatif ou de discuter de sujets controvers\u00e9s dans votre biographie ou de conversations avec des correspondances potentielles. Au lieu de cela, concentrez-vous sur les aspects positifs de vous-m\u00eame et de votre vie.<\/li>\n\n\n\n<li>Partage excessif d&rsquo;informations personnelles&nbsp;: soyez prudent lorsque vous partagez des informations personnelles, telles que votre nom complet, votre adresse personnelle ou d&rsquo;autres informations sensibles, jusqu&rsquo;\u00e0 ce que vous vous sentiez \u00e0 l&rsquo;aise et que vous ayez \u00e9tabli une relation avec une personne compatible.<\/li>\n\n\n\n<li>Ne pas r\u00e9pondre aux messages : R\u00e9pondre aux messages de correspondances potentielles est un bon moyen d&rsquo;\u00e9tablir une connexion et de voir s&rsquo;il existe un potentiel pour une relation. N\u00e9gliger de r\u00e9pondre peut conduire \u00e0 une exp\u00e9rience terne sur Hinge.<\/li>\n\n\n\n<li>Ignorer les signaux d&rsquo;alarme&nbsp;: si une correspondance potentielle vous met mal \u00e0 l&rsquo;aise ou n&rsquo;est pas respectueuse, il est important de faire confiance \u00e0 votre instinct et d&rsquo;\u00e9viter d&rsquo;autres interactions.<\/li>\n<\/ol>\n","protected":false},"excerpt":{"rendered":"<p>Joconda est ravie de partager des id\u00e9es et des conseils pour aider les filles \u00e0 se sentir plus \u00e0 l&rsquo;aise et en confiance lorsqu&rsquo;elles utilisent l&rsquo;application de rencontres Hinge.<\/p>\n","protected":false},"author":1,"featured_media":179,"parent":0,"menu_order":0,"comment_status":"closed","ping_status":"closed","template":"","meta":[],"_links":{"self":[{"href":"https:\/\/www.joconda.org\/fr\/wp-json\/wp\/v2\/pages\/37"}],"collection":[{"href":"https:\/\/www.joconda.org\/fr\/wp-json\/wp\/v2\/pages"}],"about":[{"href":"https:\/\/www.joconda.org\/fr\/wp-json\/wp\/v2\/types\/page"}],"author":[{"embeddable":true,"href":"https:\/\/www.joconda.org\/fr\/wp-json\/wp\/v2\/users\/1"}],"replies":[{"embeddable":true,"href":"https:\/\/www.joconda.org\/fr\/wp-json\/wp\/v2\/comments?post=37"}],"version-history":[{"count":3,"href":"https:\/\/www.joconda.org\/fr\/wp-json\/wp\/v2\/pages\/37\/revisions"}],"predecessor-version":[{"id":180,"href":"https:\/\/www.joconda.org\/fr\/wp-json\/wp\/v2\/pages\/37\/revisions\/180"}],"wp:featuredmedia":[{"embeddable":true,"href":"https:\/\/www.joconda.org\/fr\/wp-json\/wp\/v2\/media\/179"}],"wp:attachment":[{"href":"https:\/\/www.joconda.org\/fr\/wp-json\/wp\/v2\/media?parent=37"}],"curies":[{"name":"wp","href":"https:\/\/api.w.org\/{rel}","templated":true}]}}