{"id":26,"date":"2023-02-09T21:05:06","date_gmt":"2023-02-09T21:05:06","guid":{"rendered":"https:\/\/www.joconda.org\/es\/?page_id=26"},"modified":"2023-02-24T20:19:16","modified_gmt":"2023-02-24T20:19:16","slug":"politica-de-privacidad","status":"publish","type":"page","link":"https:\/\/www.joconda.org\/es\/politica-de-privacidad\/","title":{"rendered":"Pol\u00edtica de privacidad"},"content":{"rendered":"\n<p>En www.Joconda.org, nos tomamos muy en serio la privacidad de nuestros usuarios y nos comprometemos a proteger su informaci\u00f3n personal. Esta Pol\u00edtica de privacidad explica c\u00f3mo recopilamos, usamos, divulgamos y protegemos su informaci\u00f3n personal cuando accede a nuestro sitio web, aplicaci\u00f3n m\u00f3vil o cualquier otro servicio ofrecido por [Nombre de la empresa].<\/p>\n\n\n\n<p><strong>Recopilaci\u00f3n y uso de informaci\u00f3n<\/strong><\/p>\n\n\n\n<p>Podemos recopilar informaci\u00f3n personal, como su nombre, direcci\u00f3n de correo electr\u00f3nico, cuando nos contacta con una pregunta o inquietud.<\/p>\n\n\n\n<p>Tambi\u00e9n podemos recopilar informaci\u00f3n sobre su ubicaci\u00f3n, tipo de dispositivo, sistema operativo y direcci\u00f3n IP para brindarle una mejor experiencia de usuario y mejorar nuestros servicios. Esta informaci\u00f3n se puede recopilar mediante el uso de cookies, balizas web y otras tecnolog\u00edas de seguimiento.<\/p>\n\n\n\n<p><strong>Divulgaci\u00f3n e intercambio de informaci\u00f3n<\/strong><\/p>\n\n\n\n<p>Su informaci\u00f3n personal no se vender\u00e1, alquilar\u00e1 ni divulgar\u00e1 a terceros para fines de marketing sin su consentimiento. Podemos compartir su informaci\u00f3n personal con proveedores de servicios, contratistas u otros terceros que presten servicios en nuestro nombre.<\/p>\n\n\n\n<p>Tambi\u00e9n podemos divulgar su informaci\u00f3n personal seg\u00fan lo requiera la ley, como para cumplir con una citaci\u00f3n o un proceso legal similar, o cuando creamos de buena fe que la divulgaci\u00f3n es necesaria para proteger nuestros derechos, proteger su seguridad o la seguridad de otros, investigar fraude o responder a una solicitud del gobierno.<\/p>\n\n\n\n<p><strong>Google analitico<\/strong><\/p>\n\n\n\n<p>Este sitio web utiliza Google Analytics, un servicio de an\u00e1lisis web proporcionado por Google, Inc. (Google). Google Analytics es un software que recopila datos sobre los visitantes de Joconda. Es algo as\u00ed como un registro de servidor avanzado.<br>Google Analytics registra de qu\u00e9 sitio web vino para llegar aqu\u00ed, cu\u00e1nto tiempo permanece, qu\u00e9 tipo de computadora est\u00e1 usando y mucho m\u00e1s.<br>La informaci\u00f3n de seguimiento nos permite comprender mejor el tipo de personas que visitan el sitio de Joconda y qu\u00e9 contenido buscan. Esto le permite a Joconda.org tomar mejores decisiones sobre qu\u00e9 contenido crear para los usuarios.<br>Ocasionalmente, compilaremos estad\u00edsticas agregadas sobre la cantidad de visitantes que recibe el sitio de Joconda y los navegadores que se utilizan. No se incluyen datos de identificaci\u00f3n personal en este tipo de informes.<br>Toda la actividad de Joconda se encuentra dentro de los l\u00edmites de los T\u00e9rminos de servicio de Google Analytics http:\/\/www.google.com\/analytics\/tos.html.<br>Puede excluirse de la cookie de seguimiento de publicidad de Google http:\/\/www.google.com\/privacy_ads.html o usar un complemento de navegador para excluirse de todo el software de seguimiento de Google Analytics http:\/\/tools.google.com\/dlpage\/gaoptout? hl=es.<\/p>\n","protected":false},"excerpt":{"rendered":"<p>En www.Joconda.org, nos tomamos muy en serio la privacidad de nuestros usuarios y nos comprometemos a proteger su informaci\u00f3n personal. Esta Pol\u00edtica de privacidad explica c\u00f3mo recopilamos, usamos, divulgamos y protegemos su informaci\u00f3n personal cuando accede a nuestro sitio web, aplicaci\u00f3n m\u00f3vil o cualquier otro servicio ofrecido por [Nombre de la empresa]. Recopilaci\u00f3n y uso &#8230; <a title=\"Pol\u00edtica de privacidad\" class=\"read-more\" href=\"https:\/\/www.joconda.org\/es\/politica-de-privacidad\/\">Read more<span class=\"screen-reader-text\">Pol\u00edtica de privacidad<\/span><\/a><\/p>\n","protected":false},"author":1,"featured_media":0,"parent":0,"menu_order":0,"comment_status":"closed","ping_status":"closed","template":"","meta":[],"_links":{"self":[{"href":"https:\/\/www.joconda.org\/es\/wp-json\/wp\/v2\/pages\/26"}],"collection":[{"href":"https:\/\/www.joconda.org\/es\/wp-json\/wp\/v2\/pages"}],"about":[{"href":"https:\/\/www.joconda.org\/es\/wp-json\/wp\/v2\/types\/page"}],"author":[{"embeddable":true,"href":"https:\/\/www.joconda.org\/es\/wp-json\/wp\/v2\/users\/1"}],"replies":[{"embeddable":true,"href":"https:\/\/www.joconda.org\/es\/wp-json\/wp\/v2\/comments?post=26"}],"version-history":[{"count":1,"href":"https:\/\/www.joconda.org\/es\/wp-json\/wp\/v2\/pages\/26\/revisions"}],"predecessor-version":[{"id":27,"href":"https:\/\/www.joconda.org\/es\/wp-json\/wp\/v2\/pages\/26\/revisions\/27"}],"wp:attachment":[{"href":"https:\/\/www.joconda.org\/es\/wp-json\/wp\/v2\/media?parent=26"}],"curies":[{"name":"wp","href":"https:\/\/api.w.org\/{rel}","templated":true}]}}