{"id":24,"date":"2023-02-09T21:03:23","date_gmt":"2023-02-09T21:03:23","guid":{"rendered":"https:\/\/www.joconda.org\/es\/?page_id=24"},"modified":"2023-02-24T20:03:30","modified_gmt":"2023-02-24T20:03:30","slug":"acerca-de","status":"publish","type":"page","link":"https:\/\/www.joconda.org\/es\/acerca-de\/","title":{"rendered":"Acerca de"},"content":{"rendered":"\n<p>Bienvenido a Joconda.org, el destino final para mujeres que buscan amor y romance. Nuestra misi\u00f3n es proporcionar a las mujeres el conocimiento y las herramientas que necesitan para navegar en el mundo de las citas con confianza y \u00e9xito.<br>En Joconda.org, creemos que encontrar el amor y construir relaciones significativas es una parte importante de una vida plena, y estamos dedicados a ayudar a las mujeres a lograr sus objetivos de relaci\u00f3n. Nuestro equipo de expertos brinda consejos perspicaces y pr\u00e1cticos sobre todos los aspectos de las citas y las relaciones, incluidas las citas en l\u00ednea, la comunicaci\u00f3n y la construcci\u00f3n de relaciones.<br>Ya sea que sea nuevo en las citas, est\u00e9 regresando a la escena de las citas despu\u00e9s de una ruptura o simplemente est\u00e9 buscando formas de mejorar su relaci\u00f3n actual, Joconda.org tiene todo lo que necesita para tener \u00e9xito. Nuestros art\u00edculos, videos y podcasts cubren una amplia gama de temas, desde consejos para la primera cita y seguridad en las citas en l\u00ednea, hasta c\u00f3mo generar confianza e intimidad en una relaci\u00f3n.<br>Entendemos que el viaje de citas de todos es \u00fanico y nos esforzamos por crear una comunidad solidaria e inclusiva donde las mujeres puedan conectarse, compartir sus experiencias y encontrar el consejo y la orientaci\u00f3n que necesitan. Nuestro contenido est\u00e1 escrito con una perspectiva femenina y est\u00e1 dise\u00f1ado para empoderar a las mujeres para que tomen el control de sus vidas amorosas y encuentren la felicidad y la realizaci\u00f3n que se merecen.<br>Entonces, ya sea que est\u00e9 buscando amor, buscando consejos sobre c\u00f3mo mejorar su relaci\u00f3n actual o simplemente buscando inspiraci\u00f3n y motivaci\u00f3n, Joconda.org lo tiene cubierto. \u00danase a nosotros hoy y comience su viaje para encontrar el amor y la felicidad.<br>Gracias por elegir Joconda.org. Esperamos poder apoyarte en tu viaje para encontrar el amor y el romance.<\/p>\n","protected":false},"excerpt":{"rendered":"<p>Bienvenido a Joconda.org, el destino final para mujeres que buscan amor y romance. Nuestra misi\u00f3n es proporcionar a las mujeres el conocimiento y las herramientas que necesitan para navegar en el mundo de las citas con confianza y \u00e9xito.En Joconda.org, creemos que encontrar el amor y construir relaciones significativas es una parte importante de una &#8230; <a title=\"Acerca de\" class=\"read-more\" href=\"https:\/\/www.joconda.org\/es\/acerca-de\/\">Read more<span class=\"screen-reader-text\">Acerca de<\/span><\/a><\/p>\n","protected":false},"author":1,"featured_media":0,"parent":0,"menu_order":0,"comment_status":"closed","ping_status":"closed","template":"","meta":[],"_links":{"self":[{"href":"https:\/\/www.joconda.org\/es\/wp-json\/wp\/v2\/pages\/24"}],"collection":[{"href":"https:\/\/www.joconda.org\/es\/wp-json\/wp\/v2\/pages"}],"about":[{"href":"https:\/\/www.joconda.org\/es\/wp-json\/wp\/v2\/types\/page"}],"author":[{"embeddable":true,"href":"https:\/\/www.joconda.org\/es\/wp-json\/wp\/v2\/users\/1"}],"replies":[{"embeddable":true,"href":"https:\/\/www.joconda.org\/es\/wp-json\/wp\/v2\/comments?post=24"}],"version-history":[{"count":1,"href":"https:\/\/www.joconda.org\/es\/wp-json\/wp\/v2\/pages\/24\/revisions"}],"predecessor-version":[{"id":25,"href":"https:\/\/www.joconda.org\/es\/wp-json\/wp\/v2\/pages\/24\/revisions\/25"}],"wp:attachment":[{"href":"https:\/\/www.joconda.org\/es\/wp-json\/wp\/v2\/media?parent=24"}],"curies":[{"name":"wp","href":"https:\/\/api.w.org\/{rel}","templated":true}]}}