{"id":22,"date":"2023-02-09T21:01:16","date_gmt":"2023-02-09T21:01:16","guid":{"rendered":"https:\/\/www.joconda.org\/es\/?page_id=22"},"modified":"2023-02-24T20:18:40","modified_gmt":"2023-02-24T20:18:40","slug":"consejos-para-la-primera-cita-para-mujeres","status":"publish","type":"page","link":"https:\/\/www.joconda.org\/es\/consejos-para-la-primera-cita-para-mujeres\/","title":{"rendered":"Consejos para la primera cita para mujeres"},"content":{"rendered":"\n<p><strong>\u00bfEst\u00e1 bien invitar a salir a un chico?<\/strong><\/p>\n\n\n\n<p>S\u00ed, est\u00e1 perfectamente bien que una mujer invite a salir a un hombre. En la sociedad moderna, los roles y expectativas de g\u00e9nero tradicionales se han vuelto menos r\u00edgidos, y cada vez es m\u00e1s com\u00fan que las mujeres tomen la iniciativa de invitar a salir a alguien.<\/p>\n\n\n\n<p>Invitar a salir a alguien puede mostrar confianza y asertividad, y puede demostrar tu inter\u00e9s en la persona. Tambi\u00e9n le da m\u00e1s control sobre la situaci\u00f3n y le permite planificar una cita que disfrutar\u00e1.<\/p>\n\n\n\n<p>Sin embargo, es importante tener en cuenta las normas culturales y las preferencias personales de la persona a la que se le pregunta. Algunas personas a\u00fan pueden preferir que el hombre inicie la cita, mientras que otras pueden estar abiertas a que cualquiera de las dos d\u00e9 el primer paso.<\/p>\n\n\n\n<p>En \u00faltima instancia, la decisi\u00f3n de invitar a salir a alguien debe basarse en lo que te resulte c\u00f3modo y natural, y lo que est\u00e9 en consonancia con tus propios valores y creencias personales.<\/p>\n\n\n\n<p><strong>\u00bfQu\u00e9 debe llevar una chica en la primera cita?<\/strong><\/p>\n\n\n\n<p>El atuendo que usas en una primera cita puede tener un gran impacto en tu confianza e impresi\u00f3n general. Aqu\u00ed hay algunos consejos a tener en cuenta al decidir qu\u00e9 ponerse:<\/p>\n\n\n\n<ol type=\"1\">\n<li>Considere la ubicaci\u00f3n: piense a d\u00f3nde ir\u00e1 en la cita y elija un atuendo apropiado para la ocasi\u00f3n. Por ejemplo, un restaurante elegante requiere un atuendo m\u00e1s formal, mientras que un picnic en el parque puede ser m\u00e1s informal.<\/li>\n\n\n\n<li>V\u00edstase para estar c\u00f3modo: es importante sentirse c\u00f3modo con su atuendo, as\u00ed que elija algo que pueda mover y respirar. No querr\u00e1 estar constantemente ajust\u00e1ndose o sinti\u00e9ndose cohibido por lo que est\u00e1 usando.<\/li>\n\n\n\n<li>Muestre su personalidad: su atuendo puede darle a su cita un vistazo de su estilo e intereses personales. Elige piezas que reflejen qui\u00e9n eres y te hagan sentir segura y c\u00f3moda.<\/li>\n\n\n\n<li>Mantenlo simple: evita cualquier cosa demasiado llamativa o exagerada. C\u00ed\u00f1ete a las piezas cl\u00e1sicas y atemporales y a los colores neutros, y reduce al m\u00ednimo las joyas y los accesorios.<\/li>\n\n\n\n<li>Considere el clima: aseg\u00farese de estar vestido apropiadamente para las condiciones clim\u00e1ticas, para que pueda concentrarse en su cita y no en tener demasiado calor o fr\u00edo.<\/li>\n\n\n\n<li>Recuerda, lo m\u00e1s importante es sentirte seguro y c\u00f3modo con lo que llevas puesto. Elige un atuendo que te haga sentir bien e irradiar\u00e1s positividad y confianza en tu cita.<\/li>\n<\/ol>\n\n\n\n<p><strong>\u00bfCu\u00e1les son los temas a discutir en una primera cita para mujeres?<\/strong><\/p>\n\n\n\n<ol type=\"1\">\n<li>Pasatiempos e intereses: pregunta sobre las cosas que le apasionan a tu cita y comparte tus propios intereses.<\/li>\n\n\n\n<li>Carrera y trabajo: Hable sobre lo que hace para ganarse la vida y pregunte sobre su trabajo.<\/li>\n\n\n\n<li>Familiares y amigos: averig\u00fce los antecedentes y la din\u00e1mica familiar de su pareja.<\/li>\n\n\n\n<li>Viajes: pregunte sobre los lugares en los que han estado o les gustar\u00eda visitar.<\/li>\n\n\n\n<li>Metas y aspiraciones: discuta sus planes futuros y lo que espera lograr.<\/li>\n\n\n\n<li>Estilo de vida: Pregunte sobre las cosas favoritas de su cita para hacer en su tiempo libre, como leer, ver pel\u00edculas o practicar deportes.<\/li>\n\n\n\n<li>Humor: Comparta historias divertidas o chistes para aligerar el estado de \u00e1nimo y hacer re\u00edr a los dem\u00e1s.<\/li>\n\n\n\n<li>Experiencias compartidas: Averig\u00fce si tienen experiencias comunes o amigos en com\u00fan.<\/li>\n\n\n\n<li>Valores y creencias: discuta sus creencias y valores para ver si se alinean con los de su cita.<\/li>\n<\/ol>\n\n\n\n<p>Es importante mantener la conversaci\u00f3n ligera, atractiva y respetuosa. Evite temas controvertidos como pol\u00edtica, religi\u00f3n o relaciones pasadas, especialmente en una primera cita.<\/p>\n\n\n\n<p><strong>\u00bfQu\u00e9 preguntas puede hacer una chica en una primera cita?<\/strong><\/p>\n\n\n\n<p>Como mujer, puedes usar la primera cita como una oportunidad para conocer mejor a tu cita y ver si hay una conexi\u00f3n. Aqu\u00ed hay algunas preguntas que puede hacer en una primera cita para ayudarlo a comprender mejor su cita:<\/p>\n\n\n\n<ol type=\"1\">\n<li>\u00bfQu\u00e9 te trajo a esta ciudad\/pueblo?<\/li>\n\n\n\n<li>\u00bfQu\u00e9 haces para trabajar\/estudio?<\/li>\n\n\n\n<li>\u00bfQu\u00e9 te gusta hacer en tu tiempo libre?<\/li>\n\n\n\n<li>\u00bfQu\u00e9 tipo de m\u00fasica, pel\u00edculas o libros te gustan?<\/li>\n\n\n\n<li>\u00bfCu\u00e1les son sus metas y aspiraciones futuras?<\/li>\n\n\n\n<li>\u00bfHas viajado a alg\u00fan lugar interesante \u00faltimamente?<\/li>\n\n\n\n<li>\u00bfC\u00f3mo es tu familia?<\/li>\n\n\n\n<li>\u00bfCu\u00e1l es tu tipo de comida favorita?<\/li>\n\n\n\n<li>\u00bfCu\u00e1les son tus pasatiempos?<\/li>\n\n\n\n<li>\u00bfQu\u00e9 es un hecho divertido sobre ti?<\/li>\n<\/ol>\n\n\n\n<p><strong>\u00bfPuedo besar a un chico en la primera cita?<\/strong><\/p>\n\n\n\n<p>Besarse o no en una primera cita es una decisi\u00f3n personal y depende de varios factores, como su nivel de comodidad, la din\u00e1mica de la relaci\u00f3n y el ambiente general de la cita.<\/p>\n\n\n\n<p>Algunas personas creen que besarse en la primera cita es demasiado atrevido y establece el tono equivocado para la relaci\u00f3n, mientras que otros lo ven como una expresi\u00f3n natural de atracci\u00f3n.<\/p>\n\n\n\n<p>En \u00faltima instancia, la decisi\u00f3n de besarse en una primera cita debe basarse en el consentimiento y la comodidad mutuos. Si sientes que es el momento adecuado, \u00a1adelante! Pero si usted o su cita no est\u00e1n listos para la intimidad f\u00edsica, es mejor respetar los l\u00edmites del otro y esperar un momento m\u00e1s apropiado.<\/p>\n\n\n\n<p><strong>\u00bfEs el sexo en la primera cita un asesino de relaciones?<\/strong><\/p>\n\n\n\n<p>Si tener relaciones sexuales en la primera cita o no es un \u00abasesino de relaciones\u00bb es subjetivo y var\u00eda seg\u00fan las personas involucradas. Algunas personas creen que tener relaciones sexuales demasiado pronto puede arruinar la posibilidad de una relaci\u00f3n a largo plazo, Mientras que otros creen que la qu\u00edmica sexual es importante y puede fortalecer la conexi\u00f3n.<\/p>\n\n\n\n<p>En \u00faltima instancia, la decisi\u00f3n de tener relaciones sexuales en la primera cita debe basarse en el consentimiento mutuo y el respeto por los l\u00edmites de cada uno. Si ambos socios se sienten c\u00f3modos y en la misma p\u00e1gina, entonces no hay raz\u00f3n por la que deba afectar negativamente el potencial de una relaci\u00f3n a largo plazo. Sin embargo, si alguna de las personas se siente presionada o inc\u00f3moda, es importante escuchar esos sentimientos y priorizar el bienestar personal.<\/p>\n\n\n\n<p>Al final, la comunicaci\u00f3n es clave y ambos deben sentirse c\u00f3modos discutiendo sus sentimientos y deseos. Es importante recordar que todos tienen diferentes opiniones y creencias sobre el sexo y las relaciones, y lo que funciona para una pareja puede no funcionar para otra.<\/p>\n\n\n\n<p><strong>\u00bfC\u00f3mo terminar una primera cita para una chica?<\/strong><\/p>\n\n\n\n<p>Decir adi\u00f3s al final de una primera cita puede ser un poco inc\u00f3modo, pero no tiene por qu\u00e9 serlo. Aqu\u00ed hay algunos consejos para ayudar a que sea una experiencia tranquila y placentera:<\/p>\n\n\n\n<ol type=\"1\">\n<li>Exprese gratitud: H\u00e1gale saber a su cita que apreci\u00f3 el tiempo que pasaron juntos y disfrut\u00f3 conocerlos.<\/li>\n\n\n\n<li>Sea breve: un abrazo r\u00e1pido o un apret\u00f3n de manos es apropiado para una primera cita.<\/li>\n\n\n\n<li>Sea sincero: si no la pas\u00f3 muy bien o no siente una conexi\u00f3n, sea honesto pero cort\u00e9s.<\/li>\n\n\n\n<li>Ofr\u00e9cete a caminar o llevarlo a casa: si te sientes c\u00f3modo, ofr\u00e9cete a caminar o llevar a tu cita a casa para garantizar su seguridad.<\/li>\n\n\n\n<li>Seguimiento: si desea volver a ver a su cita, considere enviar un mensaje de texto o llamar para informarles que la pas\u00f3 bien.<\/li>\n<\/ol>\n\n\n\n<p>Recuerda ser t\u00fa mismo y mantener la confianza. Lo m\u00e1s importante es terminar la cita con una nota positiva y dejar una buena impresi\u00f3n.<\/p>\n\n\n\n<p><strong>\u00bfC\u00f3mo tener una primera cita exitosa para mujeres?<\/strong><\/p>\n\n\n\n<p>Para resumir, aqu\u00ed hay algunos buenos consejos para una chica en una primera cita:<\/p>\n\n\n\n<ol type=\"1\">\n<li>S\u00e9 t\u00fa mismo: s\u00e9 aut\u00e9ntico y deja que tu personalidad brille.<\/li>\n\n\n\n<li>Sea positivo: conc\u00e9ntrese en los aspectos positivos de la cita y tenga la mente abierta.<\/li>\n\n\n\n<li>Est\u00e9 atento: Escuche lo que tiene que decir su cita y haga preguntas para demostrar que est\u00e1 interesado.<\/li>\n\n\n\n<li>Sea respetuoso: Trate a su cita con respeto y sea considerado con sus sentimientos.<\/li>\n\n\n\n<li>V\u00edstase apropiadamente: elija un atuendo que lo haga sentir seguro y c\u00f3modo.<\/li>\n\n\n\n<li>Controle sus nervios: respire profundamente y trate de relajarse. Recuerda que la cita es una oportunidad para conocer a alguien nuevo.<\/li>\n\n\n\n<li>Divi\u00e9rtete: No te tomes la cita demasiado en serio y trata de divertirte. Una actitud relajada y alegre puede hacer que la experiencia sea m\u00e1s placentera.<\/li>\n\n\n\n<li>Sea consciente de su lenguaje corporal: sonr\u00eda, haga contacto visual y sea consciente de su postura. Estas se\u00f1ales no verbales pueden comunicar mucho sobre su inter\u00e9s y nivel de comodidad.<\/li>\n<\/ol>\n\n\n\n<p>Siguiendo estos consejos, puede asegurarse de que su primera cita sea una experiencia positiva y agradable.<\/p>\n","protected":false},"excerpt":{"rendered":"<p>Ir a una primera cita puede ser estresante, especialmente si no est\u00e1 seguro de qu\u00e9 esperar o c\u00f3mo prepararse. Joconda cree que con un poco de preparaci\u00f3n y confianza, cualquier mujer puede tener una primera cita exitosa.<\/p>\n","protected":false},"author":1,"featured_media":90,"parent":0,"menu_order":0,"comment_status":"closed","ping_status":"closed","template":"","meta":[],"_links":{"self":[{"href":"https:\/\/www.joconda.org\/es\/wp-json\/wp\/v2\/pages\/22"}],"collection":[{"href":"https:\/\/www.joconda.org\/es\/wp-json\/wp\/v2\/pages"}],"about":[{"href":"https:\/\/www.joconda.org\/es\/wp-json\/wp\/v2\/types\/page"}],"author":[{"embeddable":true,"href":"https:\/\/www.joconda.org\/es\/wp-json\/wp\/v2\/users\/1"}],"replies":[{"embeddable":true,"href":"https:\/\/www.joconda.org\/es\/wp-json\/wp\/v2\/comments?post=22"}],"version-history":[{"count":2,"href":"https:\/\/www.joconda.org\/es\/wp-json\/wp\/v2\/pages\/22\/revisions"}],"predecessor-version":[{"id":91,"href":"https:\/\/www.joconda.org\/es\/wp-json\/wp\/v2\/pages\/22\/revisions\/91"}],"wp:featuredmedia":[{"embeddable":true,"href":"https:\/\/www.joconda.org\/es\/wp-json\/wp\/v2\/media\/90"}],"wp:attachment":[{"href":"https:\/\/www.joconda.org\/es\/wp-json\/wp\/v2\/media?parent=22"}],"curies":[{"name":"wp","href":"https:\/\/api.w.org\/{rel}","templated":true}]}}