{"id":18,"date":"2023-02-09T20:53:05","date_gmt":"2023-02-09T20:53:05","guid":{"rendered":"https:\/\/www.joconda.org\/es\/?page_id=18"},"modified":"2023-02-24T20:08:36","modified_gmt":"2023-02-24T20:08:36","slug":"buenas-malas-y-divertidas-biografias-de-tinder-para-mujeres","status":"publish","type":"page","link":"https:\/\/www.joconda.org\/es\/buenas-malas-y-divertidas-biografias-de-tinder-para-mujeres\/","title":{"rendered":"Buenas, malas y divertidas biograf\u00edas de Tinder para mujeres"},"content":{"rendered":"\n<p>Muestre su personalidad: deje que su personalidad brille en su biograf\u00eda usando humor, ingenio o un estilo de escritura \u00fanico. Esto te hace destacar y ayuda a que las posibles coincidencias tengan una idea de c\u00f3mo es hablar contigo. S\u00e9 t\u00fa mismo: no intentes ser alguien que no est\u00e1s en tu biograf\u00eda. S\u00e9 aut\u00e9ntico y fiel a ti mismo, ya que esto atraer\u00e1 a las personas que buscan a alguien genuino y real.<\/p>\n\n\n\n<p>Aqu\u00ed hay algunos buenos ejemplos de biograf\u00edas de Tinder para mujeres:<\/p>\n\n\n\n<ol type=\"1\">\n<li>\u00abBuscador de aventuras y amante de los perros \ud83d\udc3e\ud83c\udf0e\u00bb<\/li>\n\n\n\n<li>\u00abAmante de la comida, pero tambi\u00e9n fan\u00e1tico del gimnasio \ud83d\udcaa\ud83c\udf54\u00bb<\/li>\n\n\n\n<li>\u00abConocedor de vinos y aficionado a Netflix \ud83c\udf77\ud83d\udcfa\u00bb<\/li>\n\n\n\n<li>\u00abEl sarcasmo y los juegos de palabras son mis puntos fuertes \ud83e\udd23\ud83d\udcac\u00bb<\/li>\n\n\n\n<li>\u00abRat\u00f3n de biblioteca y adicto al caf\u00e9 \ud83d\udcd6\u2615\ufe0f\u00bb<\/li>\n\n\n\n<li>\u00abEntusiasta de la naturaleza y practicante de yoga \ud83e\uddd8\u200d\u2640\ufe0f\ud83c\udf32\u00bb<\/li>\n\n\n\n<li>\u00abAmante de la m\u00fasica y m\u00e1quina de bailar \ud83c\udfb6\ud83d\udc83\u00bb<\/li>\n\n\n\n<li>\u00abViajero en busca de nuevas experiencias \ud83c\udf0d\u2708\ufe0f\u00bb<\/li>\n\n\n\n<li>\u00abEmprendedor ambicioso y rom\u00e1ntico empedernido \ud83d\udcbc\u2764\ufe0f\u00bb<\/li>\n\n\n\n<li>\u00abLa risa es la mejor medicina, curemos juntos el aburrimiento \ud83e\udd2a\ud83d\udc8a\u00bb<\/li>\n\n\n\n<li>\u00abBuscador de aventuras espont\u00e1neo \ud83c\udf0d\u2708\ufe0f\u00bb<\/li>\n\n\n\n<li>\u00abSo\u00f1ador alimentado por caf\u00e9 \ud83d\udcad\u2615\ufe0f\u00bb<\/li>\n\n\n\n<li>\u00abAmante de la naturaleza y entusiasta del senderismo \ud83c\udf32\ud83e\udd7e\u00bb<\/li>\n\n\n\n<li>\u00abAmante de la comida y conocedor de vinos \ud83c\udf54\ud83c\udf77\u00bb<\/li>\n\n\n\n<li>\u00abAmante de la m\u00fasica y asistente a los conciertos \ud83c\udfb6\ud83c\udfb5\u00bb<\/li>\n\n\n\n<li>\u00abAmante de los animales y orgullosa madre de cachorros \ud83d\udc36\ud83d\udc95\u00bb<\/li>\n\n\n\n<li>\u00abOptimista y siempre lista para un desaf\u00edo \ud83d\udcaa\ud83d\ude01\u00bb<\/li>\n\n\n\n<li>\u00ab\u00c1vido viajero y entusiasta cultural \ud83c\udf0d\ud83c\udf1e\u00bb<\/li>\n\n\n\n<li>\u00abLa risa es mi ejercicio favorito \ud83d\udcaa\ud83e\udd23\u00bb<\/li>\n\n\n\n<li>\u00abAprendiz de por vida y mente curiosa \ud83e\udde0\ud83d\udcda\u00bb<\/li>\n<\/ol>\n\n\n\n<p>No tengas miedo de ser divertido o incluso un poco tonto. Aqu\u00ed hay algunas posibles biograf\u00edas divertidas para mujeres en Tinder:<\/p>\n\n\n\n<ol type=\"1\">\n<li>\u00abNetflix &amp; chill es mi idea de una cita perfecta \ud83c\udf7f\u00bb<\/li>\n\n\n\n<li>\u00abSolo una chica de pueblo que vive en un mundo solitario \ud83c\udfb6\u00bb<\/li>\n\n\n\n<li>\u00abAdicto a la pasi\u00f3n por los viajes y mam\u00e1 cachorro \ud83d\udc3e\ud83c\udf0d\u00bb<\/li>\n\n\n\n<li>\u00abProbablemente te robe las papas fritas \ud83c\udf5f #SorryNotSorry\u00bb<\/li>\n\n\n\n<li>\u00abColeccionista de memes y tercera rueda profesional \ud83e\udd23\u00bb<\/li>\n\n\n\n<li>\u00abSolo intento vivir la vida, comer pizza y encontrar el amor \ud83c\udf55\u2764\ufe0f\u00bb<\/li>\n\n\n\n<li>\u00abNo soy fot\u00f3grafo, pero puedo imaginarnos juntos \ud83d\udcf7\u00bb<\/li>\n\n\n\n<li>\u00abSolo buenas vibraciones \ud83c\udf1e Difundamos positividad y risas \ud83d\udc81\u200d\u2640\ufe0f\u00bb<\/li>\n\n\n\n<li>\u00abEl sarcasmo es mi lenguaje de amor \ud83d\udcac\u00bb<\/li>\n\n\n\n<li>\u00abBuscando a alguien que pueda manejar las bromas de mi pap\u00e1 \ud83e\udd2a\u00bb<\/li>\n\n\n\n<li>\u00abAbrazadera profesional y observadora compulsiva de Netflix \ud83d\udecb\ufe0f\ud83d\udcfa\u00bb<\/li>\n\n\n\n<li>\u00abAmante del queso y coleccionista de memes \ud83e\uddc0\ud83d\ude02\u00bb<\/li>\n\n\n\n<li>\u00abReina del karaoke y diva de la pista de baile \ud83c\udfa4\ud83d\udc83\u00bb<\/li>\n\n\n\n<li>\u00abEntusiasta de la pizza y conocedor de la siesta \ud83c\udf55\ud83d\udca4\u00bb<\/li>\n\n\n\n<li>\u00abTonta y sarc\u00e1stica, con algo de ingenio \ud83e\udd2a\ud83d\udcac\u00bb<\/li>\n\n\n\n<li>\u00abCreyente del unicornio y entusiasta de los destellos \ud83e\udd84\ud83c\udf1f\u00bb<\/li>\n\n\n\n<li>\u00abLa mam\u00e1 de los perros y la loca de los gatos entrenando \ud83d\udc36\ud83d\ude3b\u00bb<\/li>\n\n\n\n<li>\u00abAdicto al chocolate y observador compulsivo de Netflix \ud83c\udf6b\ud83d\udcfa\u00bb<\/li>\n\n\n\n<li>\u00abOrgullosa se\u00f1ora de las plantas y hogare\u00f1a \ud83c\udf31\ud83c\udfe1\u00bb<\/li>\n\n\n\n<li>\u00abTomadora de selfies profesional y admiradora del espejo \ud83d\udcf8\ud83d\udc69\u200d\ud83e\uddb2\u00bb<\/li>\n\n\n\n<li>\u00ab\u00bfNetflix y relajarse? M\u00e1s como libros y emoci\u00f3n \ud83d\udcda\ud83d\udcaa\u00bb<\/li>\n\n\n\n<li>\u00abLa pizza es bae, y tambi\u00e9n lo es el vino \ud83c\udf55\ud83c\udf77\u00bb<\/li>\n\n\n\n<li>\u00abTengo una personalidad que no puedes manejar&#8230; pero si\u00e9ntete libre de intentarlo \ud83d\ude09\u00bb<\/li>\n\n\n\n<li>\u00abNunca s\u00e9 qu\u00e9 poner aqu\u00ed, as\u00ed que aqu\u00ed hay una broma de pap\u00e1: \u00bfPor qu\u00e9 el tomate se puso rojo? \u00a1Porque vio el aderezo para ensaladas! \ud83e\udd23\u00bb<\/li>\n\n\n\n<li>\u00abSolo una ni\u00f1a, parada frente a un ni\u00f1o, pidi\u00e9ndole que deslice el dedo hacia la derecha \ud83d\udc81\u200d\u2640\ufe0f\u00bb<\/li>\n\n\n\n<li>\u00abSoy una mam\u00e1 de perros, as\u00ed que si no te gustan los perros, no funcionaremos \ud83d\udc36\u00bb<\/li>\n\n\n\n<li>\u00abPuede que no sea un genio, pero puedo hacer realidad tus deseos \ud83e\uddde\u200d\u2640\ufe0f\u00bb<\/li>\n\n\n\n<li>\u00abSolo un recordatorio: no soy fot\u00f3grafo, pero definitivamente puedo imaginarnos juntos \ud83d\udcf8\u00bb<\/li>\n\n\n\n<li>\u00abMe gustan los largos paseos por la playa&#8230; pero seamos realistas, estoy aqu\u00ed por los tragos \ud83c\udf79\u00bb<\/li>\n\n\n\n<li>\u00abTengo un doctorado en sarcasmo, as\u00ed que ten cuidado \ud83d\ude09\u00bb<\/li>\n<\/ol>\n\n\n\n<p>No se recomienda usar lenguaje negativo o desagradable en tu perfil de Tinder, ya que puede atraer a personas que no buscan una relaci\u00f3n sana. En cambio, es mejor concentrarse en resaltar sus cualidades e intereses positivos. Sin embargo, aqu\u00ed hay algunos ejemplos de lo que NO se debe hacer:<\/p>\n\n\n\n<ol type=\"1\">\n<li>\u00abSolo aqu\u00ed porque estoy aburrido \ud83d\ude44\u00bb<\/li>\n\n\n\n<li>\u00abNo busco nada serio, solo una conexi\u00f3n \ud83e\udd37\u200d\u2640\ufe0f\u00bb<\/li>\n\n\n\n<li>\u00abNo soy el mejor en las relaciones, as\u00ed que divirt\u00e1monos \ud83e\udd2a\u00bb<\/li>\n\n\n\n<li>\u00abNo una supermodelo, solo una chica normal probando suerte \ud83d\ude43\u00bb<\/li>\n\n\n\n<li>\u00abNo soy muy bueno para conversar, pero har\u00e9 mi mejor esfuerzo \ud83e\udd14\u00bb<\/li>\n\n\n\n<li>\u00abSolo busco a alguien que me haga sentir mejor conmigo mismo \ud83d\udc94\u00bb<\/li>\n\n\n\n<li>\u00abMe han lastimado demasiadas veces, as\u00ed que solo busco algo casual \ud83d\udc94\u00bb<\/li>\n\n\n\n<li>\u00abNo estoy seguro de lo que estoy haciendo aqu\u00ed, as\u00ed que veamos a d\u00f3nde va \ud83e\udd37\u200d\u2640\ufe0f\u00bb<\/li>\n\n\n\n<li>\u00abCansado de estar soltero, pero no estoy seguro si estoy listo para una relaci\u00f3n \ud83e\udd14\u00bb<\/li>\n\n\n\n<li>\u00abNo soy el m\u00e1s guapo, pero tengo una gran personalidad \ud83d\ude43 (o eso me han dicho)\u00bb<\/li>\n\n\n\n<li>\u00abSolo aqu\u00ed por la comida gratis \ud83c\udf54\u00bb<\/li>\n\n\n\n<li>\u00abNo busco nada serio, solo una aventura \ud83e\udd37\u200d\u2640\ufe0f\u00bb<\/li>\n\n\n\n<li>\u00abNo soy bueno para entablar una conversaci\u00f3n, as\u00ed que no esperes mucho \ud83e\udd14\u00bb<\/li>\n\n\n\n<li>\u00abMe han lastimado demasiadas veces, as\u00ed que no conf\u00edo f\u00e1cilmente \ud83d\udc94\u00bb<\/li>\n\n\n\n<li>\u00abNo soy el m\u00e1s guapo, pero tengo confianza \ud83d\ude0e\u00bb<\/li>\n\n\n\n<li>\u00abNo estoy seguro de lo que estoy buscando, solo deslizo por diversi\u00f3n \ud83d\udc81\u200d\u2640\ufe0f\u00bb<\/li>\n\n\n\n<li>\u00abNo busco asentarme pronto \ud83d\udd7a\u00bb<\/li>\n\n\n\n<li>\u00abNo soy una persona madrugadora, as\u00ed que no esperes ning\u00fan sol \ud83c\udf1e\u00bb<\/li>\n\n\n\n<li>\u00abCansado de estar soltero, as\u00ed que solo busco un rebote \ud83d\udc94\u00bb<\/li>\n\n\n\n<li>\u00abNo soy bueno en las relaciones, as\u00ed que solo busco algo de diversi\u00f3n \ud83e\udd2a\u00bb<\/li>\n<\/ol>\n\n\n\n<p>\u00a1Y eso no es todo chicas! Como beneficio adicional, tengo algunos ejemplos de misteriosas biograf\u00edas de Tinder para agregar a la mezcla.<\/p>\n\n\n\n<ol type=\"1\">\n<li>\u00abTengo pasi\u00f3n por lo desconocido, siempre buscando lo que sigue \ud83d\udd0d\ud83d\udd75\ufe0f\u200d\u2640\ufe0f\u00bb<\/li>\n\n\n\n<li>\u00abSoy fan de tesoros escondidos, hallazgos oscuros y descubrir lo que es secreto \ud83d\udc8e\ud83d\udd0d\u00bb<\/li>\n\n\n\n<li>\u00abSoy un maestro del disfraz y un experto en el arte de la sutileza \ud83d\udd75\ufe0f\u200d\u2640\ufe0f\ud83d\ude4a\u00bb<\/li>\n\n\n\n<li>\u00abSoy un misterio, envuelto en un enigma, rociado con un poco de magia \ud83d\udd2e\ud83d\udcab\u00bb<\/li>\n\n\n\n<li>\u00abTengo amor por las novelas de misterio, siempre al acecho de un buen misterio \ud83d\udcda\ud83d\udd0d\u00bb<\/li>\n\n\n\n<li>\u00abSoy un coleccionista de secretos, siempre en busca de una buena historia \ud83e\udd2b\ud83d\udcac\u00bb<\/li>\n\n\n\n<li>\u00abSoy fan\u00e1tico de los escondites secretos, los momentos tranquilos y encontrar nuevas aventuras \ud83d\uddfa\ufe0f\ud83c\udfa2\u00bb<\/li>\n\n\n\n<li>\u00abMe encantan los jardines secretos, los caminos ocultos y descubrir nuevos lugares \ud83c\udf3f\ud83d\udeb6\u200d\u2640\ufe0f\u00bb<\/li>\n\n\n\n<li>\u00abSoy fan\u00e1tico de lo desconocido, siempre en busca de algo nuevo y misterioso \ud83d\udd0d\ud83d\udd75\ufe0f\u200d\u2640\ufe0f\u00bb<\/li>\n<\/ol>\n\n\n\n<p>\u00abMe apasiona descubrir secretos, resolver acertijos y jugar al detective \ud83d\udd75\ufe0f\u200d\u2640\ufe0f\ud83d\udd0d<\/p>\n","protected":false},"excerpt":{"rendered":"<p>Joconda pas\u00f3 innumerables horas deslizando y analizando biograf\u00edas de Tinder, tratando de descubrir qu\u00e9 funciona y qu\u00e9 no.<\/p>\n","protected":false},"author":1,"featured_media":75,"parent":0,"menu_order":0,"comment_status":"closed","ping_status":"closed","template":"","meta":[],"_links":{"self":[{"href":"https:\/\/www.joconda.org\/es\/wp-json\/wp\/v2\/pages\/18"}],"collection":[{"href":"https:\/\/www.joconda.org\/es\/wp-json\/wp\/v2\/pages"}],"about":[{"href":"https:\/\/www.joconda.org\/es\/wp-json\/wp\/v2\/types\/page"}],"author":[{"embeddable":true,"href":"https:\/\/www.joconda.org\/es\/wp-json\/wp\/v2\/users\/1"}],"replies":[{"embeddable":true,"href":"https:\/\/www.joconda.org\/es\/wp-json\/wp\/v2\/comments?post=18"}],"version-history":[{"count":2,"href":"https:\/\/www.joconda.org\/es\/wp-json\/wp\/v2\/pages\/18\/revisions"}],"predecessor-version":[{"id":76,"href":"https:\/\/www.joconda.org\/es\/wp-json\/wp\/v2\/pages\/18\/revisions\/76"}],"wp:featuredmedia":[{"embeddable":true,"href":"https:\/\/www.joconda.org\/es\/wp-json\/wp\/v2\/media\/75"}],"wp:attachment":[{"href":"https:\/\/www.joconda.org\/es\/wp-json\/wp\/v2\/media?parent=18"}],"curies":[{"name":"wp","href":"https:\/\/api.w.org\/{rel}","templated":true}]}}